{"id":8196,"date":"2022-12-19T09:41:22","date_gmt":"2022-12-19T08:41:22","guid":{"rendered":"https:\/\/stage.wearesi.se\/?page_id=8196"},"modified":"2025-03-21T08:39:33","modified_gmt":"2025-03-21T07:39:33","slug":"osg","status":"publish","type":"page","link":"https:\/\/stage.wearesi.se\/en\/osg","title":{"rendered":"OSG"},"content":{"rendered":"\t\t<div data-elementor-type=\"wp-page\" data-elementor-id=\"8196\" class=\"elementor elementor-8196\" data-elementor-post-type=\"page\">\n\t\t\t\t<div class=\"elementor-element elementor-element-61afd16 e-flex e-con-boxed e-con e-parent\" data-id=\"61afd16\" data-element_type=\"container\" data-e-type=\"container\" data-settings=\"{&quot;background_background&quot;:&quot;classic&quot;,&quot;sticky&quot;:&quot;top&quot;,&quot;sticky_offset&quot;:44,&quot;sticky_on&quot;:[&quot;desktop&quot;,&quot;tablet&quot;,&quot;mobile&quot;],&quot;sticky_effects_offset&quot;:0,&quot;sticky_anchor_link_offset&quot;:0}\">\n\t\t\t\t\t<div class=\"e-con-inner\">\n\t\t\t\t<div class=\"elementor-element elementor-element-e3174e5 elementor-widget elementor-widget-image\" data-id=\"e3174e5\" data-element_type=\"widget\" data-e-type=\"widget\" data-widget_type=\"image.default\">\n\t\t\t\t<div class=\"elementor-widget-container\">\n\t\t\t\t\t\t\t\t\t\t\t\t\t\t\t\t<a href=\"https:\/\/stage.wearesi.se\/osg\/\">\n\t\t\t\t\t\t\t<img fetchpriority=\"high\" decoding=\"async\" width=\"800\" height=\"236\" src=\"https:\/\/stage.wearesi.se\/wp-content\/uploads\/2022\/12\/SI-OSG_-1024x302.png\" class=\"attachment-large size-large wp-image-8198\" alt=\"\" srcset=\"https:\/\/stage.wearesi.se\/wp-content\/uploads\/2022\/12\/SI-OSG_-1024x302.png 1024w, https:\/\/stage.wearesi.se\/wp-content\/uploads\/2022\/12\/SI-OSG_-300x88.png 300w, https:\/\/stage.wearesi.se\/wp-content\/uploads\/2022\/12\/SI-OSG_-768x226.png 768w, https:\/\/stage.wearesi.se\/wp-content\/uploads\/2022\/12\/SI-OSG_-1536x453.png 1536w, https:\/\/stage.wearesi.se\/wp-content\/uploads\/2022\/12\/SI-OSG_-2048x604.png 2048w\" sizes=\"(max-width: 800px) 100vw, 800px\" \/>\t\t\t\t\t\t\t\t<\/a>\n\t\t\t\t\t\t\t\t\t\t\t\t\t\t\t<\/div>\n\t\t\t\t<\/div>\n\t\t\t\t<div class=\"elementor-element elementor-element-245ee94 elementor-nav-menu__align-end elementor-nav-menu--stretch elementor-nav-menu--dropdown-tablet elementor-nav-menu__text-align-aside elementor-nav-menu--toggle elementor-nav-menu--burger elementor-widget elementor-widget-nav-menu\" data-id=\"245ee94\" data-element_type=\"widget\" data-e-type=\"widget\" data-settings=\"{&quot;full_width&quot;:&quot;stretch&quot;,&quot;layout&quot;:&quot;horizontal&quot;,&quot;submenu_icon&quot;:{&quot;value&quot;:&quot;&lt;svg aria-hidden=\\&quot;true\\&quot; class=\\&quot;e-font-icon-svg e-fas-caret-down\\&quot; viewBox=\\&quot;0 0 320 512\\&quot; xmlns=\\&quot;http:\\\/\\\/www.w3.org\\\/2000\\\/svg\\&quot;&gt;&lt;path d=\\&quot;M31.3 192h257.3c17.8 0 26.7 21.5 14.1 34.1L174.1 354.8c-7.8 7.8-20.5 7.8-28.3 0L17.2 226.1C4.6 213.5 13.5 192 31.3 192z\\&quot;&gt;&lt;\\\/path&gt;&lt;\\\/svg&gt;&quot;,&quot;library&quot;:&quot;fa-solid&quot;},&quot;toggle&quot;:&quot;burger&quot;}\" data-widget_type=\"nav-menu.default\">\n\t\t\t\t<div class=\"elementor-widget-container\">\n\t\t\t\t\t\t\t\t<nav aria-label=\"Meny\" class=\"elementor-nav-menu--main elementor-nav-menu__container elementor-nav-menu--layout-horizontal e--pointer-none\">\n\t\t\t\t<ul id=\"menu-1-245ee94\" class=\"elementor-nav-menu\"><li class=\"menu-item menu-item-type-custom menu-item-object-custom menu-item-10576\"><a href=\"\/osg#omoss\" class=\"elementor-item elementor-item-anchor\">Om oss<\/a><\/li>\n<li class=\"menu-item menu-item-type-custom menu-item-object-custom menu-item-10577\"><a href=\"\/osg#vadvigor\" class=\"elementor-item elementor-item-anchor\">Vad vi g\u00f6r<\/a><\/li>\n<li class=\"menu-item menu-item-type-custom menu-item-object-custom menu-item-10578\"><a href=\"\/osg#system\" class=\"elementor-item elementor-item-anchor\">\u00d6verordnade &#038; \u00f6ppna system<\/a><\/li>\n<li class=\"menu-item menu-item-type-custom menu-item-object-custom menu-item-10579\"><a href=\"\/kvalitet-miljo\" class=\"elementor-item\">Kvalitet &#038; milj\u00f6<\/a><\/li>\n<li class=\"menu-item menu-item-type-custom menu-item-object-custom menu-item-10580\"><a href=\"\/code-of-conduct\" class=\"elementor-item\">Code of Conduct<\/a><\/li>\n<li class=\"menu-item menu-item-type-custom menu-item-object-custom menu-item-10581\"><a href=\"\/osg\/kontakt\" class=\"elementor-item\">Kontakt<\/a><\/li>\n<\/ul>\t\t\t<\/nav>\n\t\t\t\t\t<div class=\"elementor-menu-toggle\" role=\"button\" tabindex=\"0\" aria-label=\"Menu Toggle\" aria-expanded=\"false\">\n\t\t\t<svg aria-hidden=\"true\" role=\"presentation\" class=\"elementor-menu-toggle__icon--open e-font-icon-svg e-eicon-menu-bar\" viewBox=\"0 0 1000 1000\" xmlns=\"http:\/\/www.w3.org\/2000\/svg\"><path d=\"M104 333H896C929 333 958 304 958 271S929 208 896 208H104C71 208 42 237 42 271S71 333 104 333ZM104 583H896C929 583 958 554 958 521S929 458 896 458H104C71 458 42 487 42 521S71 583 104 583ZM104 833H896C929 833 958 804 958 771S929 708 896 708H104C71 708 42 737 42 771S71 833 104 833Z\"><\/path><\/svg><svg aria-hidden=\"true\" role=\"presentation\" class=\"elementor-menu-toggle__icon--close e-font-icon-svg e-eicon-close\" viewBox=\"0 0 1000 1000\" xmlns=\"http:\/\/www.w3.org\/2000\/svg\"><path d=\"M742 167L500 408 258 167C246 154 233 150 217 150 196 150 179 158 167 167 154 179 150 196 150 212 150 229 154 242 171 254L408 500 167 742C138 771 138 800 167 829 196 858 225 858 254 829L496 587 738 829C750 842 767 846 783 846 800 846 817 842 829 829 842 817 846 804 846 783 846 767 842 750 829 737L588 500 833 258C863 229 863 200 833 171 804 137 775 137 742 167Z\"><\/path><\/svg>\t\t<\/div>\n\t\t\t\t\t<nav class=\"elementor-nav-menu--dropdown elementor-nav-menu__container\" aria-hidden=\"true\">\n\t\t\t\t<ul id=\"menu-2-245ee94\" class=\"elementor-nav-menu\"><li class=\"menu-item menu-item-type-custom menu-item-object-custom menu-item-10576\"><a href=\"\/osg#omoss\" class=\"elementor-item elementor-item-anchor\" tabindex=\"-1\">Om oss<\/a><\/li>\n<li class=\"menu-item menu-item-type-custom menu-item-object-custom menu-item-10577\"><a href=\"\/osg#vadvigor\" class=\"elementor-item elementor-item-anchor\" tabindex=\"-1\">Vad vi g\u00f6r<\/a><\/li>\n<li class=\"menu-item menu-item-type-custom menu-item-object-custom menu-item-10578\"><a href=\"\/osg#system\" class=\"elementor-item elementor-item-anchor\" tabindex=\"-1\">\u00d6verordnade &#038; \u00f6ppna system<\/a><\/li>\n<li class=\"menu-item menu-item-type-custom menu-item-object-custom menu-item-10579\"><a href=\"\/kvalitet-miljo\" class=\"elementor-item\" tabindex=\"-1\">Kvalitet &#038; milj\u00f6<\/a><\/li>\n<li class=\"menu-item menu-item-type-custom menu-item-object-custom menu-item-10580\"><a href=\"\/code-of-conduct\" class=\"elementor-item\" tabindex=\"-1\">Code of Conduct<\/a><\/li>\n<li class=\"menu-item menu-item-type-custom menu-item-object-custom menu-item-10581\"><a href=\"\/osg\/kontakt\" class=\"elementor-item\" tabindex=\"-1\">Kontakt<\/a><\/li>\n<\/ul>\t\t\t<\/nav>\n\t\t\t\t\t\t<\/div>\n\t\t\t\t<\/div>\n\t\t\t\t\t<\/div>\n\t\t\t\t<\/div>\n\t\t\t\t<section class=\"elementor-section elementor-top-section elementor-element elementor-element-a4b8676 elementor-section-height-min-height elementor-section-boxed elementor-section-height-default elementor-section-items-middle\" data-id=\"a4b8676\" data-element_type=\"section\" data-e-type=\"section\" data-settings=\"{&quot;background_background&quot;:&quot;classic&quot;}\">\n\t\t\t\t\t\t\t<div class=\"elementor-background-overlay\"><\/div>\n\t\t\t\t\t\t\t<div class=\"elementor-container elementor-column-gap-default\">\n\t\t\t\t\t<div class=\"elementor-column elementor-col-50 elementor-top-column elementor-element elementor-element-f6a9366\" data-id=\"f6a9366\" data-element_type=\"column\" data-e-type=\"column\" data-settings=\"{&quot;motion_fx_motion_fx_scrolling&quot;:&quot;yes&quot;,&quot;motion_fx_translateY_effect&quot;:&quot;yes&quot;,&quot;motion_fx_translateY_speed&quot;:{&quot;unit&quot;:&quot;px&quot;,&quot;size&quot;:4,&quot;sizes&quot;:[]},&quot;motion_fx_translateY_affectedRange&quot;:{&quot;unit&quot;:&quot;%&quot;,&quot;size&quot;:&quot;&quot;,&quot;sizes&quot;:{&quot;start&quot;:0,&quot;end&quot;:100}},&quot;motion_fx_devices&quot;:[&quot;desktop&quot;,&quot;tablet&quot;,&quot;mobile&quot;]}\">\n\t\t\t<div class=\"elementor-widget-wrap elementor-element-populated\">\n\t\t\t\t\t\t<div class=\"elementor-element elementor-element-c23154b elementor-invisible elementor-widget elementor-widget-heading\" data-id=\"c23154b\" data-element_type=\"widget\" data-e-type=\"widget\" data-settings=\"{&quot;_animation&quot;:&quot;fadeInUp&quot;}\" data-widget_type=\"heading.default\">\n\t\t\t\t<div class=\"elementor-widget-container\">\n\t\t\t\t\t<h2 class=\"elementor-heading-title elementor-size-default\">#osg<\/h2>\t\t\t\t<\/div>\n\t\t\t\t<\/div>\n\t\t\t\t<div class=\"elementor-element elementor-element-1281f35 elementor-invisible elementor-widget elementor-widget-heading\" data-id=\"1281f35\" data-element_type=\"widget\" data-e-type=\"widget\" data-settings=\"{&quot;_animation&quot;:&quot;fadeInUp&quot;}\" data-widget_type=\"heading.default\">\n\t\t\t\t<div class=\"elementor-widget-container\">\n\t\t\t\t\t<h2 class=\"elementor-heading-title elementor-size-default\">Alltid med ett fabrikatsoberoende perspektiv <\/h2>\t\t\t\t<\/div>\n\t\t\t\t<\/div>\n\t\t\t\t<div class=\"elementor-element elementor-element-7ecf958 elementor-invisible elementor-widget elementor-widget-text-editor\" data-id=\"7ecf958\" data-element_type=\"widget\" data-e-type=\"widget\" data-settings=\"{&quot;_animation&quot;:&quot;fadeInUp&quot;}\" data-widget_type=\"text-editor.default\">\n\t\t\t\t<div class=\"elementor-widget-container\">\n\t\t\t\t\t\t\t\t\t<p><span style=\"font-size: 19.2px;\">V\u00e4lkommen till OSG \u2013 en objektiv partner med djup kompetens inom \u00f6verordnade system f\u00f6r smart automation och energieffektiva l\u00f6sningar.\u00a0<\/span><\/p>\t\t\t\t\t\t\t\t<\/div>\n\t\t\t\t<\/div>\n\t\t\t\t\t<\/div>\n\t\t<\/div>\n\t\t\t\t<div class=\"elementor-column elementor-col-50 elementor-top-column elementor-element elementor-element-6b016a8\" data-id=\"6b016a8\" data-element_type=\"column\" data-e-type=\"column\">\n\t\t\t<div class=\"elementor-widget-wrap\">\n\t\t\t\t\t\t\t<\/div>\n\t\t<\/div>\n\t\t\t\t\t<\/div>\n\t\t<\/section>\n\t\t<div class=\"elementor-element elementor-element-f8a7b16 e-con-full e-flex e-con e-parent\" data-id=\"f8a7b16\" data-element_type=\"container\" data-e-type=\"container\">\n\t\t<div class=\"elementor-element elementor-element-fc05820 e-con-full e-flex e-con e-child\" data-id=\"fc05820\" data-element_type=\"container\" data-e-type=\"container\" data-settings=\"{&quot;background_background&quot;:&quot;classic&quot;}\">\n\t\t\t\t<div class=\"elementor-element elementor-element-9b19fb3 elementor-widget elementor-widget-image\" data-id=\"9b19fb3\" data-element_type=\"widget\" data-e-type=\"widget\" data-widget_type=\"image.default\">\n\t\t\t\t<div class=\"elementor-widget-container\">\n\t\t\t\t\t\t\t\t\t\t\t\t\t\t\t<img decoding=\"async\" width=\"800\" height=\"584\" src=\"https:\/\/stage.wearesi.se\/wp-content\/uploads\/2025\/03\/OSG_958x700-1024x748.png\" class=\"attachment-large size-large wp-image-15663\" alt=\"\" srcset=\"https:\/\/stage.wearesi.se\/wp-content\/uploads\/2025\/03\/OSG_958x700-1024x748.png 1024w, https:\/\/stage.wearesi.se\/wp-content\/uploads\/2025\/03\/OSG_958x700-300x219.png 300w, https:\/\/stage.wearesi.se\/wp-content\/uploads\/2025\/03\/OSG_958x700-768x561.png 768w, https:\/\/stage.wearesi.se\/wp-content\/uploads\/2025\/03\/OSG_958x700-1536x1122.png 1536w, https:\/\/stage.wearesi.se\/wp-content\/uploads\/2025\/03\/OSG_958x700-16x12.png 16w, https:\/\/stage.wearesi.se\/wp-content\/uploads\/2025\/03\/OSG_958x700.png 1996w\" sizes=\"(max-width: 800px) 100vw, 800px\" \/>\t\t\t\t\t\t\t\t\t\t\t\t\t\t\t<\/div>\n\t\t\t\t<\/div>\n\t\t\t\t<\/div>\n\t\t<div class=\"elementor-element elementor-element-efd1851 e-con-full e-flex e-con e-child\" data-id=\"efd1851\" data-element_type=\"container\" data-e-type=\"container\">\n\t\t<div class=\"elementor-element elementor-element-e011ad2 e-flex e-con-boxed e-con e-child\" data-id=\"e011ad2\" data-element_type=\"container\" data-e-type=\"container\">\n\t\t\t\t\t<div class=\"e-con-inner\">\n\t\t\t\t<div class=\"elementor-element elementor-element-41f5849 elementor-invisible elementor-widget elementor-widget-heading\" data-id=\"41f5849\" data-element_type=\"widget\" data-e-type=\"widget\" data-settings=\"{&quot;_animation&quot;:&quot;fadeInUp&quot;}\" data-widget_type=\"heading.default\">\n\t\t\t\t<div class=\"elementor-widget-container\">\n\t\t\t\t\t<h2 class=\"elementor-heading-title elementor-size-default\">OSG fyller 30 \u00e5r!<\/h2>\t\t\t\t<\/div>\n\t\t\t\t<\/div>\n\t\t\t\t<div class=\"elementor-element elementor-element-a2ab1e0 elementor-widget__width-initial elementor-invisible elementor-widget elementor-widget-text-editor\" data-id=\"a2ab1e0\" data-element_type=\"widget\" data-e-type=\"widget\" data-settings=\"{&quot;_animation&quot;:&quot;fadeInUp&quot;}\" data-widget_type=\"text-editor.default\">\n\t\t\t\t<div class=\"elementor-widget-container\">\n\t\t\t\t\t\t\t\t\t<p><span class=\"highlight\"><span class=\"colour\"><span class=\"font\"><span class=\"size\">Vi \u00e4r oerh\u00f6rt stolta \u00f6ver att vara en betrodd leverant\u00f6r och partner inom branschen, n\u00e5got vi varit f\u00f6r v\u00e5ra kunder i tre decennier \u2013 och nu ser vi s\u00e5klart fram emot de kommande 30 \u00e5ren. <\/span><\/span><\/span><\/span><\/p><p><span class=\"highlight\"><span class=\"colour\"><span class=\"font\"><span class=\"size\">Milj\u00f6n, er ekonomi och ert inomhusklimat \u2013 det finns mycket att tj\u00e4na p\u00e5 att ha r\u00e4tt v\u00e4rme, kyla och ventilation vid r\u00e4tt tid och plats. Med energieffektiva l\u00f6sningar och smart automation bidrar vi till ett behagligt inomhusklimat, l\u00e4gre energif\u00f6rbrukning och \u00f6kad h\u00e5llbarhet. <\/span><\/span><\/span><\/span><\/p><p><span class=\"highlight\"><span class=\"colour\"><span class=\"font\"><span class=\"size\">V\u00e4lkommen att h\u00f6ra av er \u2013 vi finns h\u00e4r f\u00f6r er, nu och i framtiden!<\/span><\/span><\/span><\/span><\/p>\t\t\t\t\t\t\t\t<\/div>\n\t\t\t\t<\/div>\n\t\t\t\t\t<\/div>\n\t\t\t\t<\/div>\n\t\t\t\t<\/div>\n\t\t\t\t<\/div>\n\t\t<div class=\"elementor-element elementor-element-568953ab e-con-full e-flex e-con e-parent\" data-id=\"568953ab\" data-element_type=\"container\" data-e-type=\"container\" id=\"system\">\n\t\t<div class=\"elementor-element elementor-element-3caf022e e-con-full e-flex e-con e-child\" data-id=\"3caf022e\" data-element_type=\"container\" data-e-type=\"container\">\n\t\t<div class=\"elementor-element elementor-element-200c4354 e-flex e-con-boxed e-con e-child\" data-id=\"200c4354\" data-element_type=\"container\" data-e-type=\"container\">\n\t\t\t\t\t<div class=\"e-con-inner\">\n\t\t<div class=\"elementor-element elementor-element-51041eaa e-con-full e-flex e-con e-child\" data-id=\"51041eaa\" data-element_type=\"container\" data-e-type=\"container\" data-settings=\"{&quot;background_background&quot;:&quot;classic&quot;}\">\n\t\t\t\t<div class=\"elementor-element elementor-element-36f012c1 elementor-widget__width-auto elementor-invisible elementor-widget elementor-widget-heading\" data-id=\"36f012c1\" data-element_type=\"widget\" data-e-type=\"widget\" data-settings=\"{&quot;_animation&quot;:&quot;fadeInUp&quot;}\" data-widget_type=\"heading.default\">\n\t\t\t\t<div class=\"elementor-widget-container\">\n\t\t\t\t\t<h2 class=\"elementor-heading-title elementor-size-default\">Vi \u00e4r och f\u00f6rblir<br>en objektiv partner!<\/h2>\t\t\t\t<\/div>\n\t\t\t\t<\/div>\n\t\t\t\t<div class=\"elementor-element elementor-element-1e87fdb9 elementor-widget__width-auto elementor-invisible elementor-widget elementor-widget-text-editor\" data-id=\"1e87fdb9\" data-element_type=\"widget\" data-e-type=\"widget\" data-settings=\"{&quot;_animation&quot;:&quot;fadeInUp&quot;}\" data-widget_type=\"text-editor.default\">\n\t\t\t\t<div class=\"elementor-widget-container\">\n\t\t\t\t\t\t\t\t\t<p>OSG som startade redan 1994 \u00e4r idag en vital del av SI-gruppen d\u00e4r vi spelar en central roll n\u00e4r det kommer till expertis och kunskap avseende \u00f6verordnade system. Vi har djup processk\u00e4nnedom och insikt i teknisk drift och v\u00e5ra erfarenheter str\u00e4cker sig fr\u00e5n projektering till konstruktion, programmering och drifts\u00e4ttning av automationssystem.<\/p><p>Vi erbjuder moderna systeml\u00f6sningar som alltid \u00e4r designade f\u00f6r b\u00e5de drifttekniker och f\u00f6rvaltare. Vi l\u00e4gger stor vikt vid att vara en objektiv partner med en pragmatisk syn p\u00e5 programvaror d\u00e4r vi alltid v\u00e4ljer den programvara som l\u00e4mpar sig b\u00e4st \u2013 f\u00f6r varje projekt.<\/p>\t\t\t\t\t\t\t\t<\/div>\n\t\t\t\t<\/div>\n\t\t\t\t<\/div>\n\t\t\t\t\t<\/div>\n\t\t\t\t<\/div>\n\t\t\t\t<\/div>\n\t\t<div class=\"elementor-element elementor-element-6fdd1ce5 e-con-full e-flex e-con e-child\" data-id=\"6fdd1ce5\" data-element_type=\"container\" data-e-type=\"container\" data-settings=\"{&quot;background_background&quot;:&quot;classic&quot;}\">\n\t\t\t\t<div class=\"elementor-element elementor-element-141b4e5f elementor-widget elementor-widget-image\" data-id=\"141b4e5f\" data-element_type=\"widget\" data-e-type=\"widget\" data-widget_type=\"image.default\">\n\t\t\t\t<div class=\"elementor-widget-container\">\n\t\t\t\t\t\t\t\t\t\t\t\t\t\t\t<img decoding=\"async\" width=\"800\" height=\"583\" src=\"https:\/\/stage.wearesi.se\/wp-content\/uploads\/2024\/11\/OSG_2.jpg\" class=\"attachment-large size-large wp-image-14444\" alt=\"\" srcset=\"https:\/\/stage.wearesi.se\/wp-content\/uploads\/2024\/11\/OSG_2.jpg 960w, https:\/\/stage.wearesi.se\/wp-content\/uploads\/2024\/11\/OSG_2-300x219.jpg 300w, https:\/\/stage.wearesi.se\/wp-content\/uploads\/2024\/11\/OSG_2-768x560.jpg 768w\" sizes=\"(max-width: 800px) 100vw, 800px\" \/>\t\t\t\t\t\t\t\t\t\t\t\t\t\t\t<\/div>\n\t\t\t\t<\/div>\n\t\t\t\t<\/div>\n\t\t\t\t<\/div>\n\t\t<div class=\"elementor-element elementor-element-04f0d62 e-con-full e-flex e-con e-parent\" data-id=\"04f0d62\" data-element_type=\"container\" data-e-type=\"container\" id=\"vadvigor\">\n\t\t<div class=\"elementor-element elementor-element-1d3d269 e-con-full e-flex e-con e-child\" data-id=\"1d3d269\" data-element_type=\"container\" data-e-type=\"container\" data-settings=\"{&quot;background_background&quot;:&quot;classic&quot;}\">\n\t\t\t\t<div class=\"elementor-element elementor-element-741e43c elementor-widget elementor-widget-image\" data-id=\"741e43c\" data-element_type=\"widget\" data-e-type=\"widget\" data-widget_type=\"image.default\">\n\t\t\t\t<div class=\"elementor-widget-container\">\n\t\t\t\t\t\t\t\t\t\t\t\t\t\t\t<img loading=\"lazy\" decoding=\"async\" width=\"800\" height=\"585\" src=\"https:\/\/stage.wearesi.se\/wp-content\/uploads\/2023\/02\/OSG_Vad-vi-gor.jpg\" class=\"attachment-large size-large wp-image-9144\" alt=\"\" srcset=\"https:\/\/stage.wearesi.se\/wp-content\/uploads\/2023\/02\/OSG_Vad-vi-gor.jpg 958w, https:\/\/stage.wearesi.se\/wp-content\/uploads\/2023\/02\/OSG_Vad-vi-gor-300x219.jpg 300w, https:\/\/stage.wearesi.se\/wp-content\/uploads\/2023\/02\/OSG_Vad-vi-gor-768x561.jpg 768w\" sizes=\"(max-width: 800px) 100vw, 800px\" \/>\t\t\t\t\t\t\t\t\t\t\t\t\t\t\t<\/div>\n\t\t\t\t<\/div>\n\t\t\t\t<\/div>\n\t\t<div class=\"elementor-element elementor-element-4841527 e-con-full e-flex e-con e-child\" data-id=\"4841527\" data-element_type=\"container\" data-e-type=\"container\">\n\t\t<div class=\"elementor-element elementor-element-198829e e-flex e-con-boxed e-con e-child\" data-id=\"198829e\" data-element_type=\"container\" data-e-type=\"container\">\n\t\t\t\t\t<div class=\"e-con-inner\">\n\t\t\t\t<div class=\"elementor-element elementor-element-835a823 elementor-invisible elementor-widget elementor-widget-heading\" data-id=\"835a823\" data-element_type=\"widget\" data-e-type=\"widget\" data-settings=\"{&quot;_animation&quot;:&quot;fadeInUp&quot;}\" data-widget_type=\"heading.default\">\n\t\t\t\t<div class=\"elementor-widget-container\">\n\t\t\t\t\t<h2 class=\"elementor-heading-title elementor-size-default\">Vad vi g\u00f6r<\/h2>\t\t\t\t<\/div>\n\t\t\t\t<\/div>\n\t\t\t\t<div class=\"elementor-element elementor-element-faf9278 elementor-widget__width-initial elementor-invisible elementor-widget elementor-widget-text-editor\" data-id=\"faf9278\" data-element_type=\"widget\" data-e-type=\"widget\" data-settings=\"{&quot;_animation&quot;:&quot;fadeInUp&quot;}\" data-widget_type=\"text-editor.default\">\n\t\t\t\t<div class=\"elementor-widget-container\">\n\t\t\t\t\t\t\t\t\t<p>OSG str\u00e4var alltid efter att ge v\u00e5ra best\u00e4llare opartisk r\u00e5dgivning n\u00e4r det kommer till att skapa verktyg f\u00f6r kostnadseffektiv och tillf\u00f6rlitlig drift &amp; f\u00f6rvaltning. H\u00e4r\u00a0 f\u00f6ljer n\u00e5gra exempel p\u00e5 vad vi erbjuder:<\/p><ul><li><span style=\"color: var( --e-global-color-text ); font-size: 1rem;\">Inventeringar och utredningar inom fastighets- och industriautomation<br \/><\/span><\/li><li>Projektering av styr- och \u00f6vervakningssystem<\/li><li>Uppr\u00e4ttande av kostnadskalkyler<\/li><li>Utv\u00e4rdering av system och programvaror f\u00f6r fastighets- och industriautomation<\/li><li>Leverans, programmering och drifts\u00e4ttning av \u00f6ppna \u00f6verordnade system<\/li><\/ul>\t\t\t\t\t\t\t\t<\/div>\n\t\t\t\t<\/div>\n\t\t\t\t\t<\/div>\n\t\t\t\t<\/div>\n\t\t\t\t<\/div>\n\t\t\t\t<\/div>\n\t\t<div class=\"elementor-element elementor-element-b331faf e-con-full e-flex e-con e-parent\" data-id=\"b331faf\" data-element_type=\"container\" data-e-type=\"container\" id=\"system\">\n\t\t<div class=\"elementor-element elementor-element-7f78407 e-con-full e-flex e-con e-child\" data-id=\"7f78407\" data-element_type=\"container\" data-e-type=\"container\">\n\t\t<div class=\"elementor-element elementor-element-9daacbf e-flex e-con-boxed e-con e-child\" data-id=\"9daacbf\" data-element_type=\"container\" data-e-type=\"container\">\n\t\t\t\t\t<div class=\"e-con-inner\">\n\t\t<div class=\"elementor-element elementor-element-06a9477 e-con-full e-flex e-con e-child\" data-id=\"06a9477\" data-element_type=\"container\" data-e-type=\"container\" data-settings=\"{&quot;background_background&quot;:&quot;classic&quot;}\">\n\t\t\t\t<div class=\"elementor-element elementor-element-1b66290 elementor-widget__width-auto elementor-invisible elementor-widget elementor-widget-heading\" data-id=\"1b66290\" data-element_type=\"widget\" data-e-type=\"widget\" data-settings=\"{&quot;_animation&quot;:&quot;fadeInUp&quot;}\" data-widget_type=\"heading.default\">\n\t\t\t\t<div class=\"elementor-widget-container\">\n\t\t\t\t\t<h2 class=\"elementor-heading-title elementor-size-default\">\u00d6verordnade &amp; \u00f6ppna system<\/h2>\t\t\t\t<\/div>\n\t\t\t\t<\/div>\n\t\t\t\t<div class=\"elementor-element elementor-element-08f9398 elementor-widget__width-auto elementor-invisible elementor-widget elementor-widget-text-editor\" data-id=\"08f9398\" data-element_type=\"widget\" data-e-type=\"widget\" data-settings=\"{&quot;_animation&quot;:&quot;fadeInUp&quot;}\" data-widget_type=\"text-editor.default\">\n\t\t\t\t<div class=\"elementor-widget-container\">\n\t\t\t\t\t\t\t\t\t<p><span style=\"color: var( --e-global-color-text ); font-size: 1rem;\">Vi skapar \u00f6ppna styr- och \u00f6vervakningssystem p\u00e5 en gemensam \u00f6vergripande plattform. V\u00e5ra l\u00f6sningar kommunicerar med styrsystem (DUC\/PLC\/SoftPLC) av olika fabrikat inom olika branscher.<\/span><\/p>\n<p>OSG samarbetar med programvaru-, DUC\/PLC-leverant\u00f6rer, drifttekniker och f\u00f6rvaltare f\u00f6r att f\u00f6rverkliga de m\u00f6jligheter som \u00f6ppna system erbjuder.<\/p>\n<p>Vi ser \u00f6ppna system som en m\u00f6tesplats f\u00f6r olika tekniker inom olika branscher. Vi har djup kompetens inom exempelvis:<\/p>\n<ul>\n<li><strong><span style=\"color: var( --e-global-color-text ); font-size: 1rem;\">Atvise<\/span><\/strong><\/li>\n<li><strong>iFix<\/strong><\/li>\n<li><strong>Plant SCADA (Citect)<\/strong><\/li>\n<li><strong>Webport<\/strong><\/li><li><strong>i4 SCADA (Webfactory)<\/strong><\/li>\n<\/ul>\t\t\t\t\t\t\t\t<\/div>\n\t\t\t\t<\/div>\n\t\t\t\t<\/div>\n\t\t\t\t\t<\/div>\n\t\t\t\t<\/div>\n\t\t\t\t<\/div>\n\t\t<div class=\"elementor-element elementor-element-5ad143c e-con-full e-flex e-con e-child\" data-id=\"5ad143c\" data-element_type=\"container\" data-e-type=\"container\" data-settings=\"{&quot;background_background&quot;:&quot;classic&quot;}\">\n\t\t\t\t<div class=\"elementor-element elementor-element-19d0abe elementor-widget elementor-widget-image\" data-id=\"19d0abe\" data-element_type=\"widget\" data-e-type=\"widget\" data-widget_type=\"image.default\">\n\t\t\t\t<div class=\"elementor-widget-container\">\n\t\t\t\t\t\t\t\t\t\t\t\t\t\t\t<img loading=\"lazy\" decoding=\"async\" width=\"800\" height=\"584\" src=\"https:\/\/stage.wearesi.se\/wp-content\/uploads\/2023\/03\/opt-OSG_oppna-system-1280-1024x747.jpg\" class=\"attachment-large size-large wp-image-10650\" alt=\"\" srcset=\"https:\/\/stage.wearesi.se\/wp-content\/uploads\/2023\/03\/opt-OSG_oppna-system-1280-1024x747.jpg 1024w, https:\/\/stage.wearesi.se\/wp-content\/uploads\/2023\/03\/opt-OSG_oppna-system-1280-300x219.jpg 300w, https:\/\/stage.wearesi.se\/wp-content\/uploads\/2023\/03\/opt-OSG_oppna-system-1280-768x560.jpg 768w, https:\/\/stage.wearesi.se\/wp-content\/uploads\/2023\/03\/opt-OSG_oppna-system-1280.jpg 1280w\" sizes=\"(max-width: 800px) 100vw, 800px\" \/>\t\t\t\t\t\t\t\t\t\t\t\t\t\t\t<\/div>\n\t\t\t\t<\/div>\n\t\t\t\t<\/div>\n\t\t\t\t<\/div>\n\t\t\t\t<\/div>\n\t\t","protected":false},"excerpt":{"rendered":"<p>#osg Alltid med ett fabrikatsoberoende perspektiv V\u00e4lkommen till OSG \u2013 en objektiv partner med djup kompetens inom \u00f6verordnade system f\u00f6r smart automation och energieffektiva l\u00f6sningar.\u00a0 OSG fyller 30 \u00e5r! Vi \u00e4r oerh\u00f6rt stolta \u00f6ver att vara en betrodd leverant\u00f6r och partner inom branschen, n\u00e5got vi varit f\u00f6r v\u00e5ra kunder i tre decennier \u2013 och nu [&hellip;]<\/p>\n","protected":false},"author":6,"featured_media":0,"parent":0,"menu_order":0,"comment_status":"closed","ping_status":"closed","template":"","meta":{"_acf_changed":false,"footnotes":""},"class_list":["post-8196","page","type-page","status-publish","hentry"],"acf":[],"_links":{"self":[{"href":"https:\/\/stage.wearesi.se\/en\/wp-json\/wp\/v2\/pages\/8196","targetHints":{"allow":["GET"]}}],"collection":[{"href":"https:\/\/stage.wearesi.se\/en\/wp-json\/wp\/v2\/pages"}],"about":[{"href":"https:\/\/stage.wearesi.se\/en\/wp-json\/wp\/v2\/types\/page"}],"author":[{"embeddable":true,"href":"https:\/\/stage.wearesi.se\/en\/wp-json\/wp\/v2\/users\/6"}],"replies":[{"embeddable":true,"href":"https:\/\/stage.wearesi.se\/en\/wp-json\/wp\/v2\/comments?post=8196"}],"version-history":[{"count":111,"href":"https:\/\/stage.wearesi.se\/en\/wp-json\/wp\/v2\/pages\/8196\/revisions"}],"predecessor-version":[{"id":15666,"href":"https:\/\/stage.wearesi.se\/en\/wp-json\/wp\/v2\/pages\/8196\/revisions\/15666"}],"wp:attachment":[{"href":"https:\/\/stage.wearesi.se\/en\/wp-json\/wp\/v2\/media?parent=8196"}],"curies":[{"name":"wp","href":"https:\/\/api.w.org\/{rel}","templated":true}]}}