{"id":5786,"date":"2022-06-07T15:38:17","date_gmt":"2022-06-07T13:38:17","guid":{"rendered":"https:\/\/stage.wearesi.se\/?page_id=5786"},"modified":"2023-03-29T19:44:12","modified_gmt":"2023-03-29T17:44:12","slug":"icarus","status":"publish","type":"page","link":"https:\/\/stage.wearesi.se\/en\/keylogic\/icarus","title":{"rendered":"Icarus"},"content":{"rendered":"\t\t<div data-elementor-type=\"wp-page\" data-elementor-id=\"5786\" class=\"elementor elementor-5786\" data-elementor-post-type=\"page\">\n\t\t\t\t<div class=\"elementor-element elementor-element-53212ce e-flex e-con-boxed e-con e-parent\" data-id=\"53212ce\" data-element_type=\"container\" data-e-type=\"container\" data-settings=\"{&quot;background_background&quot;:&quot;classic&quot;,&quot;sticky&quot;:&quot;top&quot;,&quot;sticky_offset&quot;:44,&quot;sticky_on&quot;:[&quot;desktop&quot;,&quot;tablet&quot;,&quot;mobile&quot;],&quot;sticky_effects_offset&quot;:0,&quot;sticky_anchor_link_offset&quot;:0}\">\n\t\t\t\t\t<div class=\"e-con-inner\">\n\t\t\t\t<div class=\"elementor-element elementor-element-f78c57c elementor-widget elementor-widget-image\" data-id=\"f78c57c\" data-element_type=\"widget\" data-e-type=\"widget\" data-widget_type=\"image.default\">\n\t\t\t\t<div class=\"elementor-widget-container\">\n\t\t\t\t\t\t\t\t\t\t\t\t\t\t\t\t<a href=\"https:\/\/stage.wearesi.se\/keylogic\/\">\n\t\t\t\t\t\t\t<img fetchpriority=\"high\" decoding=\"async\" width=\"800\" height=\"239\" src=\"https:\/\/stage.wearesi.se\/wp-content\/uploads\/2022\/12\/Keylogic.svg\" class=\"attachment-large size-large wp-image-7761\" alt=\"\" \/>\t\t\t\t\t\t\t\t<\/a>\n\t\t\t\t\t\t\t\t\t\t\t\t\t\t\t<\/div>\n\t\t\t\t<\/div>\n\t\t\t\t<div class=\"elementor-element elementor-element-032acb4 elementor-nav-menu__align-end elementor-nav-menu--stretch elementor-nav-menu--dropdown-tablet elementor-nav-menu__text-align-aside elementor-nav-menu--toggle elementor-nav-menu--burger elementor-widget elementor-widget-nav-menu\" data-id=\"032acb4\" data-element_type=\"widget\" data-e-type=\"widget\" data-settings=\"{&quot;full_width&quot;:&quot;stretch&quot;,&quot;layout&quot;:&quot;horizontal&quot;,&quot;submenu_icon&quot;:{&quot;value&quot;:&quot;&lt;svg aria-hidden=\\&quot;true\\&quot; class=\\&quot;e-font-icon-svg e-fas-caret-down\\&quot; viewBox=\\&quot;0 0 320 512\\&quot; xmlns=\\&quot;http:\\\/\\\/www.w3.org\\\/2000\\\/svg\\&quot;&gt;&lt;path d=\\&quot;M31.3 192h257.3c17.8 0 26.7 21.5 14.1 34.1L174.1 354.8c-7.8 7.8-20.5 7.8-28.3 0L17.2 226.1C4.6 213.5 13.5 192 31.3 192z\\&quot;&gt;&lt;\\\/path&gt;&lt;\\\/svg&gt;&quot;,&quot;library&quot;:&quot;fa-solid&quot;},&quot;toggle&quot;:&quot;burger&quot;}\" data-widget_type=\"nav-menu.default\">\n\t\t\t\t<div class=\"elementor-widget-container\">\n\t\t\t\t\t\t\t\t<nav aria-label=\"Menu\" class=\"elementor-nav-menu--main elementor-nav-menu__container elementor-nav-menu--layout-horizontal e--pointer-none\">\n\t\t\t\t<ul id=\"menu-1-032acb4\" class=\"elementor-nav-menu\"><li class=\"menu-item menu-item-type-custom menu-item-object-custom menu-item-10518\"><a href=\"\/keylogic#omoss\" class=\"elementor-item elementor-item-anchor\">Om oss<\/a><\/li>\n<li class=\"menu-item menu-item-type-custom menu-item-object-custom menu-item-10519\"><a href=\"\/keylogic#fastighetsstyr\" class=\"elementor-item elementor-item-anchor\">Fastighetsstyr<\/a><\/li>\n<li class=\"menu-item menu-item-type-custom menu-item-object-custom menu-item-10520\"><a href=\"\/keylogic\/icarus\/\" class=\"elementor-item\">Icarus<\/a><\/li>\n<li class=\"menu-item menu-item-type-custom menu-item-object-custom menu-item-10521\"><a href=\"\/keylogic#kvalite\" class=\"elementor-item elementor-item-anchor\">Kvalitet &#038; milj\u00f6<\/a><\/li>\n<li class=\"menu-item menu-item-type-custom menu-item-object-custom menu-item-10522\"><a href=\"\/code-of-conduct\/\" class=\"elementor-item\">Code of Conduct<\/a><\/li>\n<li class=\"menu-item menu-item-type-custom menu-item-object-custom menu-item-10523\"><a href=\"\/keylogic\/kontakt\/\" class=\"elementor-item\">Kontakt<\/a><\/li>\n<\/ul>\t\t\t<\/nav>\n\t\t\t\t\t<div class=\"elementor-menu-toggle\" role=\"button\" tabindex=\"0\" aria-label=\"Menu Toggle\" aria-expanded=\"false\">\n\t\t\t<svg aria-hidden=\"true\" role=\"presentation\" class=\"elementor-menu-toggle__icon--open e-font-icon-svg e-eicon-menu-bar\" viewBox=\"0 0 1000 1000\" xmlns=\"http:\/\/www.w3.org\/2000\/svg\"><path d=\"M104 333H896C929 333 958 304 958 271S929 208 896 208H104C71 208 42 237 42 271S71 333 104 333ZM104 583H896C929 583 958 554 958 521S929 458 896 458H104C71 458 42 487 42 521S71 583 104 583ZM104 833H896C929 833 958 804 958 771S929 708 896 708H104C71 708 42 737 42 771S71 833 104 833Z\"><\/path><\/svg><svg aria-hidden=\"true\" role=\"presentation\" class=\"elementor-menu-toggle__icon--close e-font-icon-svg e-eicon-close\" viewBox=\"0 0 1000 1000\" xmlns=\"http:\/\/www.w3.org\/2000\/svg\"><path d=\"M742 167L500 408 258 167C246 154 233 150 217 150 196 150 179 158 167 167 154 179 150 196 150 212 150 229 154 242 171 254L408 500 167 742C138 771 138 800 167 829 196 858 225 858 254 829L496 587 738 829C750 842 767 846 783 846 800 846 817 842 829 829 842 817 846 804 846 783 846 767 842 750 829 737L588 500 833 258C863 229 863 200 833 171 804 137 775 137 742 167Z\"><\/path><\/svg>\t\t<\/div>\n\t\t\t\t\t<nav class=\"elementor-nav-menu--dropdown elementor-nav-menu__container\" aria-hidden=\"true\">\n\t\t\t\t<ul id=\"menu-2-032acb4\" class=\"elementor-nav-menu\"><li class=\"menu-item menu-item-type-custom menu-item-object-custom menu-item-10518\"><a href=\"\/keylogic#omoss\" class=\"elementor-item elementor-item-anchor\" tabindex=\"-1\">Om oss<\/a><\/li>\n<li class=\"menu-item menu-item-type-custom menu-item-object-custom menu-item-10519\"><a href=\"\/keylogic#fastighetsstyr\" class=\"elementor-item elementor-item-anchor\" tabindex=\"-1\">Fastighetsstyr<\/a><\/li>\n<li class=\"menu-item menu-item-type-custom menu-item-object-custom menu-item-10520\"><a href=\"\/keylogic\/icarus\/\" class=\"elementor-item\" tabindex=\"-1\">Icarus<\/a><\/li>\n<li class=\"menu-item menu-item-type-custom menu-item-object-custom menu-item-10521\"><a href=\"\/keylogic#kvalite\" class=\"elementor-item elementor-item-anchor\" tabindex=\"-1\">Kvalitet &#038; milj\u00f6<\/a><\/li>\n<li class=\"menu-item menu-item-type-custom menu-item-object-custom menu-item-10522\"><a href=\"\/code-of-conduct\/\" class=\"elementor-item\" tabindex=\"-1\">Code of Conduct<\/a><\/li>\n<li class=\"menu-item menu-item-type-custom menu-item-object-custom menu-item-10523\"><a href=\"\/keylogic\/kontakt\/\" class=\"elementor-item\" tabindex=\"-1\">Kontakt<\/a><\/li>\n<\/ul>\t\t\t<\/nav>\n\t\t\t\t\t\t<\/div>\n\t\t\t\t<\/div>\n\t\t\t\t\t<\/div>\n\t\t\t\t<\/div>\n\t\t\t\t<section class=\"elementor-section elementor-top-section elementor-element elementor-element-9a853d8 elementor-section-boxed elementor-section-height-default elementor-section-height-default\" data-id=\"9a853d8\" data-element_type=\"section\" data-e-type=\"section\">\n\t\t\t\t\t\t<div class=\"elementor-container elementor-column-gap-default\">\n\t\t\t\t\t<div class=\"elementor-column elementor-col-100 elementor-top-column elementor-element elementor-element-317c478\" data-id=\"317c478\" data-element_type=\"column\" data-e-type=\"column\">\n\t\t\t<div class=\"elementor-widget-wrap elementor-element-populated\">\n\t\t\t\t\t\t<div class=\"elementor-element elementor-element-d64795b elementor-invisible elementor-widget elementor-widget-heading\" data-id=\"d64795b\" data-element_type=\"widget\" data-e-type=\"widget\" data-settings=\"{&quot;_animation&quot;:&quot;fadeInUp&quot;}\" data-widget_type=\"heading.default\">\n\t\t\t\t<div class=\"elementor-widget-container\">\n\t\t\t\t\t<h2 class=\"elementor-heading-title elementor-size-default\">Icarus<\/h2>\t\t\t\t<\/div>\n\t\t\t\t<\/div>\n\t\t\t\t<div class=\"elementor-element elementor-element-a703d18 elementor-invisible elementor-widget elementor-widget-heading\" data-id=\"a703d18\" data-element_type=\"widget\" data-e-type=\"widget\" data-settings=\"{&quot;_animation&quot;:&quot;fadeInUp&quot;}\" data-widget_type=\"heading.default\">\n\t\t\t\t<div class=\"elementor-widget-container\">\n\t\t\t\t\t<h2 class=\"elementor-heading-title elementor-size-default\">Tusentals aktiva installationer<\/br>\u00f6ver hela Sverige<\/h2>\t\t\t\t<\/div>\n\t\t\t\t<\/div>\n\t\t\t\t<div class=\"elementor-element elementor-element-826a5f3 elementor-invisible elementor-widget elementor-widget-text-editor\" data-id=\"826a5f3\" data-element_type=\"widget\" data-e-type=\"widget\" data-settings=\"{&quot;_animation&quot;:&quot;fadeInUp&quot;}\" data-widget_type=\"text-editor.default\">\n\t\t\t\t<div class=\"elementor-widget-container\">\n\t\t\t\t\t\t\t\t\t<p>Icarus \u00e4r en produkt som kan integrera med de flesta vanligt f\u00f6rekommande fastighetssystem f\u00f6r att ta emot deras larm och vidarebefordran dessa till fr\u00e4mst SMS, persons\u00f6kare, e-post och larmcentraler.<\/p><p>Icarus har funnit som en produkt sedan mitten av 1990-talet och har tusentals aktiva installationer \u00f6ver hela Sverige.<\/p><p>Icarus \u00e4r en programvara som k\u00f6rs i en Windows-dator\/server. Man kan v\u00e4lja mellan att f\u00e5 licensen knuten till datorns MAC-adress eller att anv\u00e4nda ett USB-h\u00e5rdvarul\u00e5s.<\/p>\t\t\t\t\t\t\t\t<\/div>\n\t\t\t\t<\/div>\n\t\t\t\t<div class=\"elementor-element elementor-element-e55bdee elementor-align-center elementor-invisible elementor-widget elementor-widget-button\" data-id=\"e55bdee\" data-element_type=\"widget\" data-e-type=\"widget\" data-settings=\"{&quot;_animation&quot;:&quot;fadeInUp&quot;}\" data-widget_type=\"button.default\">\n\t\t\t\t<div class=\"elementor-widget-container\">\n\t\t\t\t\t\t\t\t\t<div class=\"elementor-button-wrapper\">\n\t\t\t\t\t<a class=\"elementor-button elementor-button-link elementor-size-sm\" href=\"https:\/\/icarus.keylogic.se\/\" target=\"_blank\" rel=\"noopener\">\n\t\t\t\t\t\t<span class=\"elementor-button-content-wrapper\">\n\t\t\t\t\t\t\t\t\t<span class=\"elementor-button-text\">L\u00e4s mer och best\u00e4ll Icarus<\/span>\n\t\t\t\t\t<\/span>\n\t\t\t\t\t<\/a>\n\t\t\t\t<\/div>\n\t\t\t\t\t\t\t\t<\/div>\n\t\t\t\t<\/div>\n\t\t\t\t\t<\/div>\n\t\t<\/div>\n\t\t\t\t\t<\/div>\n\t\t<\/section>\n\t\t\t\t<\/div>\n\t\t","protected":false},"excerpt":{"rendered":"<p>Icarus Tusentals aktiva installationer\u00f6ver hela Sverige Icarus \u00e4r en produkt som kan integrera med de flesta vanligt f\u00f6rekommande fastighetssystem f\u00f6r att ta emot deras larm och vidarebefordran dessa till fr\u00e4mst SMS, persons\u00f6kare, e-post och larmcentraler. Icarus har funnit som en produkt sedan mitten av 1990-talet och har tusentals aktiva installationer \u00f6ver hela Sverige. Icarus \u00e4r [&hellip;]<\/p>\n","protected":false},"author":9,"featured_media":0,"parent":5704,"menu_order":0,"comment_status":"closed","ping_status":"closed","template":"elementor_header_footer","meta":{"_acf_changed":false,"footnotes":""},"class_list":["post-5786","page","type-page","status-publish","hentry"],"acf":[],"_links":{"self":[{"href":"https:\/\/stage.wearesi.se\/en\/wp-json\/wp\/v2\/pages\/5786","targetHints":{"allow":["GET"]}}],"collection":[{"href":"https:\/\/stage.wearesi.se\/en\/wp-json\/wp\/v2\/pages"}],"about":[{"href":"https:\/\/stage.wearesi.se\/en\/wp-json\/wp\/v2\/types\/page"}],"author":[{"embeddable":true,"href":"https:\/\/stage.wearesi.se\/en\/wp-json\/wp\/v2\/users\/9"}],"replies":[{"embeddable":true,"href":"https:\/\/stage.wearesi.se\/en\/wp-json\/wp\/v2\/comments?post=5786"}],"version-history":[{"count":9,"href":"https:\/\/stage.wearesi.se\/en\/wp-json\/wp\/v2\/pages\/5786\/revisions"}],"predecessor-version":[{"id":10710,"href":"https:\/\/stage.wearesi.se\/en\/wp-json\/wp\/v2\/pages\/5786\/revisions\/10710"}],"up":[{"embeddable":true,"href":"https:\/\/stage.wearesi.se\/en\/wp-json\/wp\/v2\/pages\/5704"}],"wp:attachment":[{"href":"https:\/\/stage.wearesi.se\/en\/wp-json\/wp\/v2\/media?parent=5786"}],"curies":[{"name":"wp","href":"https:\/\/api.w.org\/{rel}","templated":true}]}}