{"id":3737,"date":"2022-03-17T14:26:35","date_gmt":"2022-03-17T13:26:35","guid":{"rendered":"https:\/\/stage.wearesi.se\/?page_id=3737"},"modified":"2023-03-28T21:03:10","modified_gmt":"2023-03-28T19:03:10","slug":"arrigo-fms","status":"publish","type":"page","link":"https:\/\/stage.wearesi.se\/en\/arrigo\/arrigo-fms","title":{"rendered":"Arrigo FMS"},"content":{"rendered":"<div data-elementor-type=\"wp-page\" data-elementor-id=\"3737\" class=\"elementor elementor-3737\" data-elementor-post-type=\"page\">\n\t\t\t\t\t\t<section class=\"elementor-section elementor-top-section elementor-element elementor-element-7c16440b elementor-section-height-min-height elementor-section-boxed elementor-section-height-default elementor-section-items-middle\" data-id=\"7c16440b\" data-element_type=\"section\" data-e-type=\"section\" data-settings=\"{&quot;background_background&quot;:&quot;classic&quot;}\">\n\t\t\t\t\t\t<div class=\"elementor-container elementor-column-gap-default\">\n\t\t\t\t\t<div class=\"elementor-column elementor-col-100 elementor-top-column elementor-element elementor-element-13393ce2\" data-id=\"13393ce2\" data-element_type=\"column\" data-e-type=\"column\">\n\t\t\t<div class=\"elementor-widget-wrap\">\n\t\t\t\t\t\t\t<\/div>\n\t\t<\/div>\n\t\t\t\t\t<\/div>\n\t\t<\/section>\n\t\t\t\t<section class=\"elementor-section elementor-top-section elementor-element elementor-element-3874849e elementor-section-boxed elementor-section-height-default elementor-section-height-default\" data-id=\"3874849e\" data-element_type=\"section\" data-e-type=\"section\">\n\t\t\t\t\t\t<div class=\"elementor-container elementor-column-gap-default\">\n\t\t\t\t\t<div class=\"elementor-column elementor-col-100 elementor-top-column elementor-element elementor-element-672aeebd\" data-id=\"672aeebd\" data-element_type=\"column\" data-e-type=\"column\">\n\t\t\t<div class=\"elementor-widget-wrap elementor-element-populated\">\n\t\t\t\t\t\t<div class=\"elementor-element elementor-element-331cec8d elementor-widget elementor-widget-heading\" data-id=\"331cec8d\" data-element_type=\"widget\" data-e-type=\"widget\" data-widget_type=\"heading.default\">\n\t\t\t\t<div class=\"elementor-widget-container\">\n\t\t\t\t\t<h2 class=\"elementor-heading-title elementor-size-default\">Arrigo FMS<\/h2>\t\t\t\t<\/div>\n\t\t\t\t<\/div>\n\t\t\t\t<div class=\"elementor-element elementor-element-1edba3c3 elementor-widget elementor-widget-text-editor\" data-id=\"1edba3c3\" data-element_type=\"widget\" data-e-type=\"widget\" data-widget_type=\"text-editor.default\">\n\t\t\t\t<div class=\"elementor-widget-container\">\n\t\t\t\t\t\t\t\t\t<p>Arrigo FMS is an application that helps organizations increase efficiency<br \/>in the planning and execution of property operation and maintenance.<\/p>\t\t\t\t\t\t\t\t<\/div>\n\t\t\t\t<\/div>\n\t\t\t\t\t<\/div>\n\t\t<\/div>\n\t\t\t\t\t<\/div>\n\t\t<\/section>\n\t\t\t\t<section class=\"elementor-section elementor-top-section elementor-element elementor-element-267c293 elementor-section-full_width elementor-section-content-middle elementor-section-height-default elementor-section-height-default\" data-id=\"267c293\" data-element_type=\"section\" data-e-type=\"section\">\n\t\t\t\t\t\t<div class=\"elementor-container elementor-column-gap-wider\">\n\t\t\t\t\t<div class=\"elementor-column elementor-col-50 elementor-top-column elementor-element elementor-element-8327269\" data-id=\"8327269\" data-element_type=\"column\" data-e-type=\"column\">\n\t\t\t<div class=\"elementor-widget-wrap elementor-element-populated\">\n\t\t\t\t\t\t<div class=\"elementor-element elementor-element-4190e4a0 elementor-widget elementor-widget-image\" data-id=\"4190e4a0\" data-element_type=\"widget\" data-e-type=\"widget\" data-widget_type=\"image.default\">\n\t\t\t\t<div class=\"elementor-widget-container\">\n\t\t\t\t\t\t\t\t\t\t\t\t\t\t\t<img fetchpriority=\"high\" decoding=\"async\" width=\"800\" height=\"523\" src=\"https:\/\/stage.wearesi.se\/wp-content\/uploads\/2023\/03\/opt-Group-4_1-1024x669-1.png\" class=\"attachment-large size-large wp-image-10244\" alt=\"\" srcset=\"https:\/\/stage.wearesi.se\/wp-content\/uploads\/2023\/03\/opt-Group-4_1-1024x669-1.png 1024w, https:\/\/stage.wearesi.se\/wp-content\/uploads\/2023\/03\/opt-Group-4_1-1024x669-1-300x196.png 300w, https:\/\/stage.wearesi.se\/wp-content\/uploads\/2023\/03\/opt-Group-4_1-1024x669-1-768x502.png 768w\" sizes=\"(max-width: 800px) 100vw, 800px\" \/>\t\t\t\t\t\t\t\t\t\t\t\t\t\t\t<\/div>\n\t\t\t\t<\/div>\n\t\t\t\t\t<\/div>\n\t\t<\/div>\n\t\t\t\t<div class=\"elementor-column elementor-col-50 elementor-top-column elementor-element elementor-element-541b837d\" data-id=\"541b837d\" data-element_type=\"column\" data-e-type=\"column\">\n\t\t\t<div class=\"elementor-widget-wrap elementor-element-populated\">\n\t\t\t\t\t\t<div class=\"elementor-element elementor-element-3d0d6168 elementor-widget elementor-widget-heading\" data-id=\"3d0d6168\" data-element_type=\"widget\" data-e-type=\"widget\" data-widget_type=\"heading.default\">\n\t\t\t\t<div class=\"elementor-widget-container\">\n\t\t\t\t\t<h2 class=\"elementor-heading-title elementor-size-default\">Simple, efficient property management.\n<\/h2>\t\t\t\t<\/div>\n\t\t\t\t<\/div>\n\t\t\t\t<div class=\"elementor-element elementor-element-6c2ca8ab elementor-widget elementor-widget-text-editor\" data-id=\"6c2ca8ab\" data-element_type=\"widget\" data-e-type=\"widget\" data-widget_type=\"text-editor.default\">\n\t\t\t\t<div class=\"elementor-widget-container\">\n\t\t\t\t\t\t\t\t\t<p>Arrigo FMS is an application that helps operations managers ensure that indoor environments are safe, comfortable, productive and sustainable.<\/p><p><b>Arrigo FMS provides <\/b><b>effective tools for:<\/b><\/p><ul><li>planned maintenance<\/li><li>bug reports<\/li><li>damage reports<\/li><li>environmental assessments<\/li><li>service requests<\/li><li>document management<\/li><li>medical records<\/li><li>and much more\u2026<span class=\"Apple-converted-space\">\u00a0<\/span><\/li><\/ul>\t\t\t\t\t\t\t\t<\/div>\n\t\t\t\t<\/div>\n\t\t\t\t\t<\/div>\n\t\t<\/div>\n\t\t\t\t\t<\/div>\n\t\t<\/section>\n\t\t\t\t<section class=\"elementor-section elementor-top-section elementor-element elementor-element-1a00b5c elementor-section-boxed elementor-section-height-default elementor-section-height-default\" data-id=\"1a00b5c\" data-element_type=\"section\" data-e-type=\"section\">\n\t\t\t\t\t\t<div class=\"elementor-container elementor-column-gap-default\">\n\t\t\t\t\t<div class=\"elementor-column elementor-col-100 elementor-top-column elementor-element elementor-element-3d992710\" data-id=\"3d992710\" data-element_type=\"column\" data-e-type=\"column\">\n\t\t\t<div class=\"elementor-widget-wrap elementor-element-populated\">\n\t\t\t\t\t\t<div class=\"elementor-element elementor-element-3b902f3b elementor-widget elementor-widget-heading\" data-id=\"3b902f3b\" data-element_type=\"widget\" data-e-type=\"widget\" data-widget_type=\"heading.default\">\n\t\t\t\t<div class=\"elementor-widget-container\">\n\t\t\t\t\t<h2 class=\"elementor-heading-title elementor-size-default\">Arrigo strengthens organizations.<\/h2>\t\t\t\t<\/div>\n\t\t\t\t<\/div>\n\t\t\t\t<div class=\"elementor-element elementor-element-7dc56f09 elementor-widget elementor-widget-text-editor\" data-id=\"7dc56f09\" data-element_type=\"widget\" data-e-type=\"widget\" data-widget_type=\"text-editor.default\">\n\t\t\t\t<div class=\"elementor-widget-container\">\n\t\t\t\t\t\t\t\t\t<p>Increased property performance, optimized energy use<br \/>and future-proof investments.<\/p>\t\t\t\t\t\t\t\t<\/div>\n\t\t\t\t<\/div>\n\t\t\t\t<div class=\"elementor-element elementor-element-52d328df elementor-align-center elementor-widget elementor-widget-button\" data-id=\"52d328df\" data-element_type=\"widget\" data-e-type=\"widget\" data-widget_type=\"button.default\">\n\t\t\t\t<div class=\"elementor-widget-container\">\n\t\t\t\t\t\t\t\t\t<div class=\"elementor-button-wrapper\">\n\t\t\t\t\t<a class=\"elementor-button elementor-button-link elementor-size-lg\" href=\"https:\/\/stage.wearesi.se\/en\/arrigo\/arrigo-boka-demo\/\">\n\t\t\t\t\t\t<span class=\"elementor-button-content-wrapper\">\n\t\t\t\t\t\t\t\t\t<span class=\"elementor-button-text\">Book your demo here<\/span>\n\t\t\t\t\t<\/span>\n\t\t\t\t\t<\/a>\n\t\t\t\t<\/div>\n\t\t\t\t\t\t\t\t<\/div>\n\t\t\t\t<\/div>\n\t\t\t\t\t<\/div>\n\t\t<\/div>\n\t\t\t\t\t<\/div>\n\t\t<\/section>\n\t\t\t\t<\/div>","protected":false},"excerpt":{"rendered":"<p>Arrigo FMS Arrigo FMS \u00e4r en applikation som hj\u00e4lper organisationer att \u00f6ka effektiviteteni planeringen och utf\u00f6randet av fastighetsdrift och underh\u00e5ll. Enkel, effektiv fastighetsf\u00f6rvaltning. Arrigo FMS \u00e4r en applikation som hj\u00e4lper driftchefer s\u00e4kerst\u00e4lla att inomhusmilj\u00f6erna \u00e4r s\u00e4kra, bekv\u00e4ma, produktiva och h\u00e5llbara. Arrigo FMS tillhandah\u00e5ller effektiva verktyg f\u00f6r: planerat underh\u00e5ll felrapporter skaderapporter milj\u00f6bed\u00f6mningar servicef\u00f6rfr\u00e5gningar dokumenthantering journaler och [&hellip;]<\/p>\n","protected":false},"author":9,"featured_media":0,"parent":3668,"menu_order":0,"comment_status":"closed","ping_status":"closed","template":"elementor_header_footer","meta":{"_acf_changed":false,"footnotes":""},"class_list":["post-3737","page","type-page","status-publish","hentry"],"acf":[],"_links":{"self":[{"href":"https:\/\/stage.wearesi.se\/en\/wp-json\/wp\/v2\/pages\/3737","targetHints":{"allow":["GET"]}}],"collection":[{"href":"https:\/\/stage.wearesi.se\/en\/wp-json\/wp\/v2\/pages"}],"about":[{"href":"https:\/\/stage.wearesi.se\/en\/wp-json\/wp\/v2\/types\/page"}],"author":[{"embeddable":true,"href":"https:\/\/stage.wearesi.se\/en\/wp-json\/wp\/v2\/users\/9"}],"replies":[{"embeddable":true,"href":"https:\/\/stage.wearesi.se\/en\/wp-json\/wp\/v2\/comments?post=3737"}],"version-history":[{"count":6,"href":"https:\/\/stage.wearesi.se\/en\/wp-json\/wp\/v2\/pages\/3737\/revisions"}],"predecessor-version":[{"id":10322,"href":"https:\/\/stage.wearesi.se\/en\/wp-json\/wp\/v2\/pages\/3737\/revisions\/10322"}],"up":[{"embeddable":true,"href":"https:\/\/stage.wearesi.se\/en\/wp-json\/wp\/v2\/pages\/3668"}],"wp:attachment":[{"href":"https:\/\/stage.wearesi.se\/en\/wp-json\/wp\/v2\/media?parent=3737"}],"curies":[{"name":"wp","href":"https:\/\/api.w.org\/{rel}","templated":true}]}}