{"id":3726,"date":"2022-03-17T14:20:57","date_gmt":"2022-03-17T13:20:57","guid":{"rendered":"https:\/\/stage.wearesi.se\/?page_id=3726"},"modified":"2024-09-13T13:09:07","modified_gmt":"2024-09-13T11:09:07","slug":"arrigo-ems","status":"publish","type":"page","link":"https:\/\/stage.wearesi.se\/en\/arrigo\/arrigo-ems","title":{"rendered":"Arrigo EMS"},"content":{"rendered":"<div data-elementor-type=\"wp-page\" data-elementor-id=\"3726\" class=\"elementor elementor-3726\" data-elementor-post-type=\"page\">\n\t\t\t\t\t\t<section class=\"elementor-section elementor-top-section elementor-element elementor-element-4f975318 elementor-section-height-min-height elementor-section-boxed elementor-section-height-default elementor-section-items-middle\" data-id=\"4f975318\" data-element_type=\"section\" data-e-type=\"section\" data-settings=\"{&quot;background_background&quot;:&quot;classic&quot;}\">\n\t\t\t\t\t\t<div class=\"elementor-container elementor-column-gap-default\">\n\t\t\t\t\t<div class=\"elementor-column elementor-col-100 elementor-top-column elementor-element elementor-element-19c8ab54\" data-id=\"19c8ab54\" data-element_type=\"column\" data-e-type=\"column\">\n\t\t\t<div class=\"elementor-widget-wrap\">\n\t\t\t\t\t\t\t<\/div>\n\t\t<\/div>\n\t\t\t\t\t<\/div>\n\t\t<\/section>\n\t\t\t\t<section class=\"elementor-section elementor-top-section elementor-element elementor-element-3c3f2e08 elementor-section-boxed elementor-section-height-default elementor-section-height-default\" data-id=\"3c3f2e08\" data-element_type=\"section\" data-e-type=\"section\">\n\t\t\t\t\t\t<div class=\"elementor-container elementor-column-gap-default\">\n\t\t\t\t\t<div class=\"elementor-column elementor-col-100 elementor-top-column elementor-element elementor-element-4ddfaf0c\" data-id=\"4ddfaf0c\" data-element_type=\"column\" data-e-type=\"column\">\n\t\t\t<div class=\"elementor-widget-wrap elementor-element-populated\">\n\t\t\t\t\t\t<div class=\"elementor-element elementor-element-46aedbdb elementor-widget elementor-widget-heading\" data-id=\"46aedbdb\" data-element_type=\"widget\" data-e-type=\"widget\" data-widget_type=\"heading.default\">\n\t\t\t\t<div class=\"elementor-widget-container\">\n\t\t\t\t\t<h2 class=\"elementor-heading-title elementor-size-default\">Arrigo EMS<\/h2>\t\t\t\t<\/div>\n\t\t\t\t<\/div>\n\t\t\t\t<div class=\"elementor-element elementor-element-4636fc88 elementor-widget elementor-widget-text-editor\" data-id=\"4636fc88\" data-element_type=\"widget\" data-e-type=\"widget\" data-widget_type=\"text-editor.default\">\n\t\t\t\t<div class=\"elementor-widget-container\">\n\t\t\t\t\t\t\t\t\t<p>Arrigo EMS is our energy optimization application that integrates seamlessly with Arrigo BMS. <br>With Arrigo EMS in place, you can perform in-depth analyses of your collected property data and generate massive energy savings in an individual property or an entire portfolio.<\/p>\t\t\t\t\t\t\t\t<\/div>\n\t\t\t\t<\/div>\n\t\t\t\t\t<\/div>\n\t\t<\/div>\n\t\t\t\t\t<\/div>\n\t\t<\/section>\n\t\t\t\t<section class=\"elementor-section elementor-top-section elementor-element elementor-element-2bec1792 elementor-section-full_width elementor-section-content-middle elementor-section-height-default elementor-section-height-default\" data-id=\"2bec1792\" data-element_type=\"section\" data-e-type=\"section\">\n\t\t\t\t\t\t<div class=\"elementor-container elementor-column-gap-wider\">\n\t\t\t\t\t<div class=\"elementor-column elementor-col-50 elementor-top-column elementor-element elementor-element-472048a8\" data-id=\"472048a8\" data-element_type=\"column\" data-e-type=\"column\">\n\t\t\t<div class=\"elementor-widget-wrap elementor-element-populated\">\n\t\t\t\t\t\t<div class=\"elementor-element elementor-element-3c45b765 elementor-widget elementor-widget-image\" data-id=\"3c45b765\" data-element_type=\"widget\" data-e-type=\"widget\" data-widget_type=\"image.default\">\n\t\t\t\t<div class=\"elementor-widget-container\">\n\t\t\t\t\t\t\t\t\t\t\t\t\t\t\t<img fetchpriority=\"high\" decoding=\"async\" width=\"800\" height=\"449\" src=\"https:\/\/stage.wearesi.se\/wp-content\/uploads\/2023\/03\/opt-Group-3_2.png\" class=\"attachment-large size-large wp-image-10305\" alt=\"\" srcset=\"https:\/\/stage.wearesi.se\/wp-content\/uploads\/2023\/03\/opt-Group-3_2.png 912w, https:\/\/stage.wearesi.se\/wp-content\/uploads\/2023\/03\/opt-Group-3_2-300x168.png 300w, https:\/\/stage.wearesi.se\/wp-content\/uploads\/2023\/03\/opt-Group-3_2-768x431.png 768w\" sizes=\"(max-width: 800px) 100vw, 800px\" \/>\t\t\t\t\t\t\t\t\t\t\t\t\t\t\t<\/div>\n\t\t\t\t<\/div>\n\t\t\t\t\t<\/div>\n\t\t<\/div>\n\t\t\t\t<div class=\"elementor-column elementor-col-50 elementor-top-column elementor-element elementor-element-12e1e8ef\" data-id=\"12e1e8ef\" data-element_type=\"column\" data-e-type=\"column\">\n\t\t\t<div class=\"elementor-widget-wrap elementor-element-populated\">\n\t\t\t\t\t\t<div class=\"elementor-element elementor-element-5a3b743a elementor-widget elementor-widget-heading\" data-id=\"5a3b743a\" data-element_type=\"widget\" data-e-type=\"widget\" data-widget_type=\"heading.default\">\n\t\t\t\t<div class=\"elementor-widget-container\">\n\t\t\t\t\t<h2 class=\"elementor-heading-title elementor-size-default\">Save time.<\/br>\nMaximize performance.<\/h2>\t\t\t\t<\/div>\n\t\t\t\t<\/div>\n\t\t\t\t<div class=\"elementor-element elementor-element-76f40f21 elementor-widget elementor-widget-text-editor\" data-id=\"76f40f21\" data-element_type=\"widget\" data-e-type=\"widget\" data-widget_type=\"text-editor.default\">\n\t\t\t\t<div class=\"elementor-widget-container\">\n\t\t\t\t\t\t\t\t\t<p>Arrigo is designed to save time. Energy management encompasses multiple processes and many different roles in the business. When everyone working with the property has access to their most important information in real time and thus <br \/>full control, creates great opportunities for energy savings:<\/p><ul><li>A collaboration platform improves productivity across the entire business.<\/li><li>Role-based and customized views with widgets for well-timed and informed decisions.<\/li><li>Real-time access to critical information enables rapid analysis and immediate action.<\/li><li>Easy access to maintenance data and information <br \/>daily operations and operational incidents.<\/li><\/ul>\t\t\t\t\t\t\t\t<\/div>\n\t\t\t\t<\/div>\n\t\t\t\t\t<\/div>\n\t\t<\/div>\n\t\t\t\t\t<\/div>\n\t\t<\/section>\n\t\t\t\t<section class=\"elementor-section elementor-top-section elementor-element elementor-element-33264809 elementor-section-full_width elementor-section-content-middle elementor-reverse-mobile elementor-section-height-default elementor-section-height-default\" data-id=\"33264809\" data-element_type=\"section\" data-e-type=\"section\">\n\t\t\t\t\t\t<div class=\"elementor-container elementor-column-gap-wider\">\n\t\t\t\t\t<div class=\"elementor-column elementor-col-50 elementor-top-column elementor-element elementor-element-34b22be5\" data-id=\"34b22be5\" data-element_type=\"column\" data-e-type=\"column\">\n\t\t\t<div class=\"elementor-widget-wrap elementor-element-populated\">\n\t\t\t\t\t\t<div class=\"elementor-element elementor-element-1bc2d1b2 elementor-widget elementor-widget-heading\" data-id=\"1bc2d1b2\" data-element_type=\"widget\" data-e-type=\"widget\" data-widget_type=\"heading.default\">\n\t\t\t\t<div class=\"elementor-widget-container\">\n\t\t\t\t\t<h2 class=\"elementor-heading-title elementor-size-default\">Visualize results.<\/h2>\t\t\t\t<\/div>\n\t\t\t\t<\/div>\n\t\t\t\t<div class=\"elementor-element elementor-element-17ad4ff elementor-widget elementor-widget-text-editor\" data-id=\"17ad4ff\" data-element_type=\"widget\" data-e-type=\"widget\" data-widget_type=\"text-editor.default\">\n\t\t\t\t<div class=\"elementor-widget-container\">\n\t\t\t\t\t\t\t\t\t<p>Understanding energy use and the origin of costs is a prerequisite for saving energy in buildings. Arrigo EMS provides a set of simple analysis tools that quickly deliver the insights needed for optimized building performance. Always.<\/p><p><b>Arrigo EMS offers:<\/b><\/p><ul><li>comparisons of energy use before and after implemented measures, or between different time periods<\/li><li>features for comparing properties<\/li><li>normalized values with corrections for variations in outdoor temperature<\/li><li>smart forecasts that show how implemented measures will affect energy use over time<\/li><li>quality-assured reports<\/li><li>Smart features that save time, such as sharing real-time reports with different stakeholders<\/li><li>filtering based on geographical areas, residential areas and properties<\/li><li>and much more\u2026<\/li><\/ul>\t\t\t\t\t\t\t\t<\/div>\n\t\t\t\t<\/div>\n\t\t\t\t\t<\/div>\n\t\t<\/div>\n\t\t\t\t<div class=\"elementor-column elementor-col-50 elementor-top-column elementor-element elementor-element-59032207\" data-id=\"59032207\" data-element_type=\"column\" data-e-type=\"column\">\n\t\t\t<div class=\"elementor-widget-wrap elementor-element-populated\">\n\t\t\t\t\t\t<div class=\"elementor-element elementor-element-7e9071a5 elementor-widget elementor-widget-image\" data-id=\"7e9071a5\" data-element_type=\"widget\" data-e-type=\"widget\" data-widget_type=\"image.default\">\n\t\t\t\t<div class=\"elementor-widget-container\">\n\t\t\t\t\t\t\t\t\t\t\t\t\t\t\t<img decoding=\"async\" width=\"800\" height=\"449\" src=\"https:\/\/stage.wearesi.se\/wp-content\/uploads\/2022\/03\/Group-4_2.png\" class=\"attachment-large size-large wp-image-3730\" alt=\"\" srcset=\"https:\/\/stage.wearesi.se\/wp-content\/uploads\/2022\/03\/Group-4_2.png 912w, https:\/\/stage.wearesi.se\/wp-content\/uploads\/2022\/03\/Group-4_2-300x168.png 300w, https:\/\/stage.wearesi.se\/wp-content\/uploads\/2022\/03\/Group-4_2-768x431.png 768w\" sizes=\"(max-width: 800px) 100vw, 800px\" \/>\t\t\t\t\t\t\t\t\t\t\t\t\t\t\t<\/div>\n\t\t\t\t<\/div>\n\t\t\t\t\t<\/div>\n\t\t<\/div>\n\t\t\t\t\t<\/div>\n\t\t<\/section>\n\t\t\t\t<section class=\"elementor-section elementor-top-section elementor-element elementor-element-57a8afe9 elementor-section-full_width elementor-section-content-middle elementor-section-height-default elementor-section-height-default\" data-id=\"57a8afe9\" data-element_type=\"section\" data-e-type=\"section\">\n\t\t\t\t\t\t<div class=\"elementor-container elementor-column-gap-wider\">\n\t\t\t\t\t<div class=\"elementor-column elementor-col-50 elementor-top-column elementor-element elementor-element-3bb5b011\" data-id=\"3bb5b011\" data-element_type=\"column\" data-e-type=\"column\">\n\t\t\t<div class=\"elementor-widget-wrap elementor-element-populated\">\n\t\t\t\t\t\t<div class=\"elementor-element elementor-element-63cde190 elementor-widget elementor-widget-image\" data-id=\"63cde190\" data-element_type=\"widget\" data-e-type=\"widget\" data-widget_type=\"image.default\">\n\t\t\t\t<div class=\"elementor-widget-container\">\n\t\t\t\t\t\t\t\t\t\t\t\t\t\t\t<img decoding=\"async\" width=\"800\" height=\"450\" src=\"https:\/\/stage.wearesi.se\/wp-content\/uploads\/2022\/03\/Group-3_3.png\" class=\"attachment-large size-large wp-image-3731\" alt=\"\" srcset=\"https:\/\/stage.wearesi.se\/wp-content\/uploads\/2022\/03\/Group-3_3.png 912w, https:\/\/stage.wearesi.se\/wp-content\/uploads\/2022\/03\/Group-3_3-300x169.png 300w, https:\/\/stage.wearesi.se\/wp-content\/uploads\/2022\/03\/Group-3_3-768x432.png 768w\" sizes=\"(max-width: 800px) 100vw, 800px\" \/>\t\t\t\t\t\t\t\t\t\t\t\t\t\t\t<\/div>\n\t\t\t\t<\/div>\n\t\t\t\t\t<\/div>\n\t\t<\/div>\n\t\t\t\t<div class=\"elementor-column elementor-col-50 elementor-top-column elementor-element elementor-element-75c6eeef\" data-id=\"75c6eeef\" data-element_type=\"column\" data-e-type=\"column\">\n\t\t\t<div class=\"elementor-widget-wrap elementor-element-populated\">\n\t\t\t\t\t\t<div class=\"elementor-element elementor-element-1d361c20 elementor-widget elementor-widget-heading\" data-id=\"1d361c20\" data-element_type=\"widget\" data-e-type=\"widget\" data-widget_type=\"heading.default\">\n\t\t\t\t<div class=\"elementor-widget-container\">\n\t\t\t\t\t<h2 class=\"elementor-heading-title elementor-size-default\">Full control over<\/br>\nenergy use.<\/h2>\t\t\t\t<\/div>\n\t\t\t\t<\/div>\n\t\t\t\t<div class=\"elementor-element elementor-element-13f9c8d7 elementor-widget elementor-widget-text-editor\" data-id=\"13f9c8d7\" data-element_type=\"widget\" data-e-type=\"widget\" data-widget_type=\"text-editor.default\">\n\t\t\t\t<div class=\"elementor-widget-container\">\n\t\t\t\t\t\t\t\t\t<p>Arrigo gives property owners and operations managers control over energy usage. Harness the power of property data from the Arrigo BMS application and combine it with in-depth analytics from Arrigo EMS to achieve sustainable savings. Take control of your costs, optimize property performance, and increase your property&#039;s cash flow and market value.<\/p>\t\t\t\t\t\t\t\t<\/div>\n\t\t\t\t<\/div>\n\t\t\t\t\t<\/div>\n\t\t<\/div>\n\t\t\t\t\t<\/div>\n\t\t<\/section>\n\t\t\t\t<section class=\"elementor-section elementor-top-section elementor-element elementor-element-75374d47 elementor-section-boxed elementor-section-height-default elementor-section-height-default\" data-id=\"75374d47\" data-element_type=\"section\" data-e-type=\"section\">\n\t\t\t\t\t\t<div class=\"elementor-container elementor-column-gap-default\">\n\t\t\t\t\t<div class=\"elementor-column elementor-col-100 elementor-top-column elementor-element elementor-element-1f1b0fea\" data-id=\"1f1b0fea\" data-element_type=\"column\" data-e-type=\"column\">\n\t\t\t<div class=\"elementor-widget-wrap elementor-element-populated\">\n\t\t\t\t\t\t<div class=\"elementor-element elementor-element-4c13853 elementor-widget elementor-widget-heading\" data-id=\"4c13853\" data-element_type=\"widget\" data-e-type=\"widget\" data-widget_type=\"heading.default\">\n\t\t\t\t<div class=\"elementor-widget-container\">\n\t\t\t\t\t<h2 class=\"elementor-heading-title elementor-size-default\">Arrigo strengthens organizations.<\/h2>\t\t\t\t<\/div>\n\t\t\t\t<\/div>\n\t\t\t\t<div class=\"elementor-element elementor-element-52ee33ef elementor-widget elementor-widget-text-editor\" data-id=\"52ee33ef\" data-element_type=\"widget\" data-e-type=\"widget\" data-widget_type=\"text-editor.default\">\n\t\t\t\t<div class=\"elementor-widget-container\">\n\t\t\t\t\t\t\t\t\t<p>Increased property performance, optimized energy use<br \/>and future-proof investments.<\/p>\t\t\t\t\t\t\t\t<\/div>\n\t\t\t\t<\/div>\n\t\t\t\t<div class=\"elementor-element elementor-element-633161e1 elementor-align-center elementor-widget elementor-widget-button\" data-id=\"633161e1\" data-element_type=\"widget\" data-e-type=\"widget\" data-widget_type=\"button.default\">\n\t\t\t\t<div class=\"elementor-widget-container\">\n\t\t\t\t\t\t\t\t\t<div class=\"elementor-button-wrapper\">\n\t\t\t\t\t<a class=\"elementor-button elementor-button-link elementor-size-lg\" href=\"https:\/\/stage.wearesi.se\/en\/arrigo\/arrigo-boka-demo\/\">\n\t\t\t\t\t\t<span class=\"elementor-button-content-wrapper\">\n\t\t\t\t\t\t\t\t\t<span class=\"elementor-button-text\">Book your demo here<\/span>\n\t\t\t\t\t<\/span>\n\t\t\t\t\t<\/a>\n\t\t\t\t<\/div>\n\t\t\t\t\t\t\t\t<\/div>\n\t\t\t\t<\/div>\n\t\t\t\t\t<\/div>\n\t\t<\/div>\n\t\t\t\t\t<\/div>\n\t\t<\/section>\n\t\t\t\t<\/div>","protected":false},"excerpt":{"rendered":"<p>Arrigo EMS Arrigo EMS \u00e4r v\u00e5r energioptimeringsapplikation som integreras s\u00f6ml\u00f6st med Arrigo BMS. Med Arrigo EMS p\u00e5 plats, kan du g\u00f6ra djupg\u00e5ende analyser av din insamlade fastighetsdata och generera massiva energibesparingar i en enskild fastighet eller ett helt best\u00e5nd. Spara tid. Maximera prestanda. Arrigo \u00e4r designad f\u00f6r att spara tid. Energy management omfattar flertalet processer [&hellip;]<\/p>\n","protected":false},"author":9,"featured_media":0,"parent":3668,"menu_order":0,"comment_status":"closed","ping_status":"closed","template":"elementor_header_footer","meta":{"_acf_changed":false,"footnotes":""},"class_list":["post-3726","page","type-page","status-publish","hentry"],"acf":[],"_links":{"self":[{"href":"https:\/\/stage.wearesi.se\/en\/wp-json\/wp\/v2\/pages\/3726","targetHints":{"allow":["GET"]}}],"collection":[{"href":"https:\/\/stage.wearesi.se\/en\/wp-json\/wp\/v2\/pages"}],"about":[{"href":"https:\/\/stage.wearesi.se\/en\/wp-json\/wp\/v2\/types\/page"}],"author":[{"embeddable":true,"href":"https:\/\/stage.wearesi.se\/en\/wp-json\/wp\/v2\/users\/9"}],"replies":[{"embeddable":true,"href":"https:\/\/stage.wearesi.se\/en\/wp-json\/wp\/v2\/comments?post=3726"}],"version-history":[{"count":15,"href":"https:\/\/stage.wearesi.se\/en\/wp-json\/wp\/v2\/pages\/3726\/revisions"}],"predecessor-version":[{"id":13677,"href":"https:\/\/stage.wearesi.se\/en\/wp-json\/wp\/v2\/pages\/3726\/revisions\/13677"}],"up":[{"embeddable":true,"href":"https:\/\/stage.wearesi.se\/en\/wp-json\/wp\/v2\/pages\/3668"}],"wp:attachment":[{"href":"https:\/\/stage.wearesi.se\/en\/wp-json\/wp\/v2\/media?parent=3726"}],"curies":[{"name":"wp","href":"https:\/\/api.w.org\/{rel}","templated":true}]}}