{"id":21764,"date":"2026-04-01T12:12:12","date_gmt":"2026-04-01T10:12:12","guid":{"rendered":"https:\/\/stage.wearesi.se\/?page_id=21764"},"modified":"2026-04-14T20:14:13","modified_gmt":"2026-04-14T18:14:13","slug":"drift-information","status":"publish","type":"page","link":"https:\/\/stage.wearesi.se\/en\/drift-information","title":{"rendered":"SI &#8211; Driftinformation"},"content":{"rendered":"\t\t<div data-elementor-type=\"wp-page\" data-elementor-id=\"21764\" class=\"elementor elementor-21764\" data-elementor-post-type=\"page\">\n\t\t\t\t<div class=\"elementor-element elementor-element-e41bb04 e-flex e-con-boxed e-con e-parent\" data-id=\"e41bb04\" data-element_type=\"container\" data-e-type=\"container\" data-settings=\"{&quot;background_background&quot;:&quot;classic&quot;}\">\n\t\t\t\t\t<div class=\"e-con-inner\">\n\t\t<div class=\"elementor-element elementor-element-5f5cac3 e-con-full e-grid e-con e-child\" data-id=\"5f5cac3\" data-element_type=\"container\" data-e-type=\"container\" data-settings=\"{&quot;motion_fx_motion_fx_scrolling&quot;:&quot;yes&quot;,&quot;motion_fx_translateY_effect&quot;:&quot;yes&quot;,&quot;motion_fx_translateY_speed&quot;:{&quot;unit&quot;:&quot;px&quot;,&quot;size&quot;:2,&quot;sizes&quot;:[]},&quot;motion_fx_translateY_affectedRange&quot;:{&quot;unit&quot;:&quot;%&quot;,&quot;size&quot;:&quot;&quot;,&quot;sizes&quot;:{&quot;start&quot;:0,&quot;end&quot;:100}},&quot;motion_fx_devices&quot;:[&quot;desktop&quot;,&quot;tablet&quot;,&quot;mobile&quot;]}\">\n\t\t<div class=\"elementor-element elementor-element-b765c41 e-con-full e-flex e-con e-child\" data-id=\"b765c41\" data-element_type=\"container\" data-e-type=\"container\">\n\t\t\t\t<div class=\"elementor-element elementor-element-8ad1cac elementor-widget elementor-widget-heading\" data-id=\"8ad1cac\" data-element_type=\"widget\" data-e-type=\"widget\" data-widget_type=\"heading.default\">\n\t\t\t\t<div class=\"elementor-widget-container\">\n\t\t\t\t\t<span class=\"elementor-heading-title elementor-size-default\">Driftinformation<\/span>\t\t\t\t<\/div>\n\t\t\t\t<\/div>\n\t\t\t\t<div class=\"elementor-element elementor-element-a186733 elementor-widget elementor-widget-heading\" data-id=\"a186733\" data-element_type=\"widget\" data-e-type=\"widget\" data-widget_type=\"heading.default\">\n\t\t\t\t<div class=\"elementor-widget-container\">\n\t\t\t\t\t<h1 class=\"elementor-heading-title elementor-size-default\">Information om eventuella driftst\u00f6rningar<\/h1>\t\t\t\t<\/div>\n\t\t\t\t<\/div>\n\t\t\t\t<\/div>\n\t\t\t\t<\/div>\n\t\t\t\t\t<\/div>\n\t\t\t\t<\/div>\n\t\t<div class=\"elementor-element elementor-element-63bcedea e-grid e-con-boxed e-con e-parent\" data-id=\"63bcedea\" data-element_type=\"container\" data-e-type=\"container\" data-settings=\"{&quot;background_background&quot;:&quot;classic&quot;}\">\n\t\t\t\t\t<div class=\"e-con-inner\">\n\t\t\t\t<div class=\"elementor-element elementor-element-4dec4809 elementor-widget elementor-widget-heading\" data-id=\"4dec4809\" data-element_type=\"widget\" data-e-type=\"widget\" data-widget_type=\"heading.default\">\n\t\t\t\t<div class=\"elementor-widget-container\">\n\t\t\t\t\t<h2 class=\"elementor-heading-title elementor-size-default\">Information<\/h2>\t\t\t\t<\/div>\n\t\t\t\t<\/div>\n\t\t\t\t<div class=\"elementor-element elementor-element-3bcd5451 elementor-widget elementor-widget-text-editor\" data-id=\"3bcd5451\" data-element_type=\"widget\" data-e-type=\"widget\" data-widget_type=\"text-editor.default\">\n\t\t\t\t<div class=\"elementor-widget-container\">\n\t\t\t\t\t\t\t\t\t<p>Inga st\u00f6rningar just nu.<\/p>\t\t\t\t\t\t\t\t<\/div>\n\t\t\t\t<\/div>\n\t\t\t\t\t<\/div>\n\t\t\t\t<\/div>\n\t\t<div class=\"elementor-element elementor-element-a2694b1 e-grid e-con-full e-con e-parent\" data-id=\"a2694b1\" data-element_type=\"container\" data-e-type=\"container\" data-settings=\"{&quot;background_background&quot;:&quot;classic&quot;}\">\n\t\t<div class=\"elementor-element elementor-element-51869336 e-flex e-con-boxed e-con e-child\" data-id=\"51869336\" data-element_type=\"container\" data-e-type=\"container\">\n\t\t\t\t\t<div class=\"e-con-inner\">\n\t\t<div class=\"elementor-element elementor-element-2d29310 e-con-full e-flex e-con e-child\" data-id=\"2d29310\" data-element_type=\"container\" data-e-type=\"container\">\n\t\t\t\t<div class=\"elementor-element elementor-element-62dc074c elementor-widget elementor-widget-heading\" data-id=\"62dc074c\" data-element_type=\"widget\" data-e-type=\"widget\" data-widget_type=\"heading.default\">\n\t\t\t\t<div class=\"elementor-widget-container\">\n\t\t\t\t\t<h2 class=\"elementor-heading-title elementor-size-default\">Hittar du inte en f\u00f6rklaring till din driftst\u00f6rning h\u00e4r?<\/h2>\t\t\t\t<\/div>\n\t\t\t\t<\/div>\n\t\t\t\t<div class=\"elementor-element elementor-element-1af36264 elementor-widget elementor-widget-text-editor\" data-id=\"1af36264\" data-element_type=\"widget\" data-e-type=\"widget\" data-widget_type=\"text-editor.default\">\n\t\t\t\t<div class=\"elementor-widget-container\">\n\t\t\t\t\t\t\t\t\t<p>Om du inte hittar n\u00e5gon information som beskriver just det problem du upplever, \u00e4r du alltid v\u00e4lkommen att skicka in en felanm\u00e4lan till oss. Fyll g\u00e4rna i formul\u00e4ret s\u00e5 noggrant du kan \u2013 ju mer detaljer du ger, desto snabbare kan vi f\u00f6rst\u00e5 situationen och hj\u00e4lpa dig vidare.<\/p><div><p>V\u00e5rt team g\u00e5r igenom alla inkomna \u00e4renden l\u00f6pande och \u00e5terkopplar s\u00e5 snart som m\u00f6jligt. Tack f\u00f6r att du h\u00f6r av dig och hj\u00e4lper oss att h\u00e5lla driften trygg och stabil f\u00f6r alla!<\/p><\/div>\t\t\t\t\t\t\t\t<\/div>\n\t\t\t\t<\/div>\n\t\t\t\t<\/div>\n\t\t\t\t\t<\/div>\n\t\t\t\t<\/div>\n\t\t\t\t<div class=\"elementor-element elementor-element-2efb970c elementor-widget elementor-widget-image\" data-id=\"2efb970c\" data-element_type=\"widget\" data-e-type=\"widget\" data-widget_type=\"image.default\">\n\t\t\t\t<div class=\"elementor-widget-container\">\n\t\t\t\t\t\t\t\t\t\t\t\t\t\t\t<img fetchpriority=\"high\" decoding=\"async\" width=\"800\" height=\"534\" src=\"https:\/\/stage.wearesi.se\/wp-content\/uploads\/2026\/03\/drift_1-1024x683.webp\" class=\"attachment-large size-large wp-image-20171\" alt=\"\" srcset=\"https:\/\/stage.wearesi.se\/wp-content\/uploads\/2026\/03\/drift_1-1024x683.webp 1024w, https:\/\/stage.wearesi.se\/wp-content\/uploads\/2026\/03\/drift_1-300x200.webp 300w, https:\/\/stage.wearesi.se\/wp-content\/uploads\/2026\/03\/drift_1-768x512.webp 768w, https:\/\/stage.wearesi.se\/wp-content\/uploads\/2026\/03\/drift_1-1536x1024.webp 1536w, https:\/\/stage.wearesi.se\/wp-content\/uploads\/2026\/03\/drift_1-2048x1365.webp 2048w, https:\/\/stage.wearesi.se\/wp-content\/uploads\/2026\/03\/drift_1-18x12.webp 18w\" sizes=\"(max-width: 800px) 100vw, 800px\" \/>\t\t\t\t\t\t\t\t\t\t\t\t\t\t\t<\/div>\n\t\t\t\t<\/div>\n\t\t\t\t<\/div>\n\t\t<div class=\"elementor-element elementor-element-08a1798 e-flex e-con-boxed e-con e-parent\" data-id=\"08a1798\" data-element_type=\"container\" data-e-type=\"container\">\n\t\t\t\t\t<div class=\"e-con-inner\">\n\t\t\t\t<div class=\"elementor-element elementor-element-e598195 elementor-widget elementor-widget-heading\" data-id=\"e598195\" data-element_type=\"widget\" data-e-type=\"widget\" data-widget_type=\"heading.default\">\n\t\t\t\t<div class=\"elementor-widget-container\">\n\t\t\t\t\t<h2 class=\"elementor-heading-title elementor-size-default\">Felanm\u00e4lan<\/h2>\t\t\t\t<\/div>\n\t\t\t\t<\/div>\n\t\t\t\t\t<\/div>\n\t\t\t\t<\/div>\n\t\t<div class=\"elementor-element elementor-element-4f78d7ad e-flex e-con-boxed e-con e-parent\" data-id=\"4f78d7ad\" data-element_type=\"container\" data-e-type=\"container\">\n\t\t\t\t\t<div class=\"e-con-inner\">\n\t\t\t\t<div class=\"elementor-element elementor-element-4f7d31a4 elementor-widget elementor-widget-html\" data-id=\"4f7d31a4\" data-element_type=\"widget\" data-e-type=\"widget\" data-widget_type=\"html.default\">\n\t\t\t\t<div class=\"elementor-widget-container\">\n\t\t\t\t\t<iframe data-cookieconsent=\"ignore\" style=\"height:700px;\" src=\"https:\/\/arrigo-error-report.apps.wearesi.se\/systeminstallation\" width=\"100%\" height=\"100%\";><\/iframe>\t\t\t\t<\/div>\n\t\t\t\t<\/div>\n\t\t\t\t\t<\/div>\n\t\t\t\t<\/div>\n\t\t<div class=\"elementor-element elementor-element-53cd161e e-grid e-con-full e-con e-parent\" data-id=\"53cd161e\" data-element_type=\"container\" data-e-type=\"container\" data-settings=\"{&quot;background_background&quot;:&quot;classic&quot;}\">\n\t\t\t\t<div class=\"elementor-element elementor-element-759c1dd7 elementor-widget elementor-widget-image\" data-id=\"759c1dd7\" data-element_type=\"widget\" data-e-type=\"widget\" data-widget_type=\"image.default\">\n\t\t\t\t<div class=\"elementor-widget-container\">\n\t\t\t\t\t\t\t\t\t\t\t\t\t\t\t<img decoding=\"async\" width=\"800\" height=\"534\" src=\"https:\/\/stage.wearesi.se\/wp-content\/uploads\/2026\/04\/IL_6271-1024x683.webp\" class=\"attachment-large size-large wp-image-21783\" alt=\"\" srcset=\"https:\/\/stage.wearesi.se\/wp-content\/uploads\/2026\/04\/IL_6271-1024x683.webp 1024w, https:\/\/stage.wearesi.se\/wp-content\/uploads\/2026\/04\/IL_6271-300x200.webp 300w, https:\/\/stage.wearesi.se\/wp-content\/uploads\/2026\/04\/IL_6271-768x512.webp 768w, https:\/\/stage.wearesi.se\/wp-content\/uploads\/2026\/04\/IL_6271-1536x1024.webp 1536w, https:\/\/stage.wearesi.se\/wp-content\/uploads\/2026\/04\/IL_6271-2048x1366.webp 2048w, https:\/\/stage.wearesi.se\/wp-content\/uploads\/2026\/04\/IL_6271-18x12.webp 18w\" sizes=\"(max-width: 800px) 100vw, 800px\" \/>\t\t\t\t\t\t\t\t\t\t\t\t\t\t\t<\/div>\n\t\t\t\t<\/div>\n\t\t<div class=\"elementor-element elementor-element-5b647723 e-flex e-con-boxed e-con e-child\" data-id=\"5b647723\" data-element_type=\"container\" data-e-type=\"container\">\n\t\t\t\t\t<div class=\"e-con-inner\">\n\t\t<div class=\"elementor-element elementor-element-314f0b9e e-con-full e-flex e-con e-child\" data-id=\"314f0b9e\" data-element_type=\"container\" data-e-type=\"container\">\n\t\t\t\t<div class=\"elementor-element elementor-element-624f4aa9 elementor-widget elementor-widget-heading\" data-id=\"624f4aa9\" data-element_type=\"widget\" data-e-type=\"widget\" data-widget_type=\"heading.default\">\n\t\t\t\t<div class=\"elementor-widget-container\">\n\t\t\t\t\t<h2 class=\"elementor-heading-title elementor-size-default\">Beh\u00f6ver du personlig hj\u00e4lp?<\/h2>\t\t\t\t<\/div>\n\t\t\t\t<\/div>\n\t\t\t\t<div class=\"elementor-element elementor-element-16f444ad elementor-widget elementor-widget-text-editor\" data-id=\"16f444ad\" data-element_type=\"widget\" data-e-type=\"widget\" data-widget_type=\"text-editor.default\">\n\t\t\t\t<div class=\"elementor-widget-container\">\n\t\t\t\t\t\t\t\t\t<div>V\u00e5r kundtj\u00e4nst finns h\u00e4r f\u00f6r att hj\u00e4lpa dig om du har fr\u00e5gor eller beh\u00f6ver v\u00e4gledning. Oavsett om du vill rapportera ett problem, f\u00e5 f\u00f6rklaringar kring en driftst\u00f6rning eller bara k\u00e4nner dig os\u00e4ker p\u00e5 hur du ska g\u00e5 vidare \u00e4r du varmt v\u00e4lkommen att kontakta oss.<\/div><p>Tveka inte att h\u00f6ra av dig!<\/p><p>Telefon: <a href=\"tel:0200-114880\"><b>0200-11 48 80<\/b><\/a>\u00a0 Mejl: <a href=\"mailto:info@wearesi.se\"><b>info@wearesi.se<\/b><\/a><\/p>\t\t\t\t\t\t\t\t<\/div>\n\t\t\t\t<\/div>\n\t\t\t\t<\/div>\n\t\t\t\t\t<\/div>\n\t\t\t\t<\/div>\n\t\t\t\t<\/div>\n\t\t\t\t<\/div>\n\t\t","protected":false},"excerpt":{"rendered":"<p>Driftinformation Information om eventuella driftst\u00f6rningar Information Inga st\u00f6rningar just nu. Hittar du inte en f\u00f6rklaring till din driftst\u00f6rning h\u00e4r? Om du inte hittar n\u00e5gon information som beskriver just det problem du upplever, \u00e4r du alltid v\u00e4lkommen att skicka in en felanm\u00e4lan till oss. Fyll g\u00e4rna i formul\u00e4ret s\u00e5 noggrant du kan \u2013 ju mer detaljer [&hellip;]<\/p>\n","protected":false},"author":10,"featured_media":0,"parent":0,"menu_order":0,"comment_status":"closed","ping_status":"closed","template":"","meta":{"_acf_changed":false,"footnotes":""},"class_list":["post-21764","page","type-page","status-publish","hentry"],"acf":[],"_links":{"self":[{"href":"https:\/\/stage.wearesi.se\/en\/wp-json\/wp\/v2\/pages\/21764","targetHints":{"allow":["GET"]}}],"collection":[{"href":"https:\/\/stage.wearesi.se\/en\/wp-json\/wp\/v2\/pages"}],"about":[{"href":"https:\/\/stage.wearesi.se\/en\/wp-json\/wp\/v2\/types\/page"}],"author":[{"embeddable":true,"href":"https:\/\/stage.wearesi.se\/en\/wp-json\/wp\/v2\/users\/10"}],"replies":[{"embeddable":true,"href":"https:\/\/stage.wearesi.se\/en\/wp-json\/wp\/v2\/comments?post=21764"}],"version-history":[{"count":21,"href":"https:\/\/stage.wearesi.se\/en\/wp-json\/wp\/v2\/pages\/21764\/revisions"}],"predecessor-version":[{"id":23188,"href":"https:\/\/stage.wearesi.se\/en\/wp-json\/wp\/v2\/pages\/21764\/revisions\/23188"}],"wp:attachment":[{"href":"https:\/\/stage.wearesi.se\/en\/wp-json\/wp\/v2\/media?parent=21764"}],"curies":[{"name":"wp","href":"https:\/\/api.w.org\/{rel}","templated":true}]}}