{"id":15098,"date":"2025-02-18T14:32:28","date_gmt":"2025-02-18T13:32:28","guid":{"rendered":"https:\/\/stage.wearesi.se\/?page_id=15098"},"modified":"2026-04-17T10:14:14","modified_gmt":"2026-04-17T08:14:14","slug":"intelligence","status":"publish","type":"page","link":"https:\/\/stage.wearesi.se\/en\/intelligence","title":{"rendered":"Intelligence"},"content":{"rendered":"\t\t<div data-elementor-type=\"wp-page\" data-elementor-id=\"15098\" class=\"elementor elementor-15098\" data-elementor-post-type=\"page\">\n\t\t\t\t<div class=\"elementor-element elementor-element-6bd70af e-flex e-con-boxed e-con e-parent\" data-id=\"6bd70af\" data-element_type=\"container\" data-e-type=\"container\" data-settings=\"{&quot;background_background&quot;:&quot;classic&quot;}\">\n\t\t\t\t\t<div class=\"e-con-inner\">\n\t\t<div class=\"elementor-element elementor-element-b072ccf e-con-full e-flex e-con e-child\" data-id=\"b072ccf\" data-element_type=\"container\" data-e-type=\"container\" data-settings=\"{&quot;motion_fx_motion_fx_scrolling&quot;:&quot;yes&quot;,&quot;motion_fx_translateY_effect&quot;:&quot;yes&quot;,&quot;motion_fx_translateY_speed&quot;:{&quot;unit&quot;:&quot;px&quot;,&quot;size&quot;:2,&quot;sizes&quot;:[]},&quot;motion_fx_translateY_affectedRange&quot;:{&quot;unit&quot;:&quot;%&quot;,&quot;size&quot;:&quot;&quot;,&quot;sizes&quot;:{&quot;start&quot;:0,&quot;end&quot;:100}},&quot;motion_fx_devices&quot;:[&quot;desktop&quot;,&quot;tablet&quot;,&quot;mobile&quot;]}\">\n\t\t\t\t<div class=\"elementor-element elementor-element-5ec83fb elementor-widget elementor-widget-heading\" data-id=\"5ec83fb\" data-element_type=\"widget\" data-e-type=\"widget\" data-widget_type=\"heading.default\">\n\t\t\t\t<div class=\"elementor-widget-container\">\n\t\t\t\t\t<h2 class=\"elementor-heading-title elementor-size-default\">H\u00e5llbarhetsarbete<\/h2>\t\t\t\t<\/div>\n\t\t\t\t<\/div>\n\t\t\t\t<div class=\"elementor-element elementor-element-0e9ac93 e-transform elementor-invisible elementor-widget elementor-widget-heading\" data-id=\"0e9ac93\" data-element_type=\"widget\" data-e-type=\"widget\" data-settings=\"{&quot;_animation&quot;:&quot;fadeInUp&quot;,&quot;_transform_translateX_effect&quot;:{&quot;unit&quot;:&quot;px&quot;,&quot;size&quot;:&quot;&quot;,&quot;sizes&quot;:[]},&quot;_transform_translateX_effect_tablet&quot;:{&quot;unit&quot;:&quot;px&quot;,&quot;size&quot;:&quot;&quot;,&quot;sizes&quot;:[]},&quot;_transform_translateX_effect_mobile&quot;:{&quot;unit&quot;:&quot;px&quot;,&quot;size&quot;:&quot;&quot;,&quot;sizes&quot;:[]},&quot;_transform_translateY_effect&quot;:{&quot;unit&quot;:&quot;px&quot;,&quot;size&quot;:&quot;&quot;,&quot;sizes&quot;:[]},&quot;_transform_translateY_effect_tablet&quot;:{&quot;unit&quot;:&quot;px&quot;,&quot;size&quot;:&quot;&quot;,&quot;sizes&quot;:[]},&quot;_transform_translateY_effect_mobile&quot;:{&quot;unit&quot;:&quot;px&quot;,&quot;size&quot;:&quot;&quot;,&quot;sizes&quot;:[]}}\" data-widget_type=\"heading.default\">\n\t\t\t\t<div class=\"elementor-widget-container\">\n\t\t\t\t\t<h1 class=\"elementor-heading-title elementor-size-default\">Intelligence<\/h1>\t\t\t\t<\/div>\n\t\t\t\t<\/div>\n\t\t\t\t<div class=\"elementor-element elementor-element-8e5f5ce elementor-invisible elementor-widget elementor-widget-text-editor\" data-id=\"8e5f5ce\" data-element_type=\"widget\" data-e-type=\"widget\" data-settings=\"{&quot;_animation&quot;:&quot;fadeInUp&quot;}\" data-widget_type=\"text-editor.default\">\n\t\t\t\t<div class=\"elementor-widget-container\">\n\t\t\t\t\t\t\t\t\t<p>F\u00f6r framtidens automation<\/p>\t\t\t\t\t\t\t\t<\/div>\n\t\t\t\t<\/div>\n\t\t\t\t<\/div>\n\t\t\t\t\t<\/div>\n\t\t\t\t<\/div>\n\t\t<div class=\"elementor-element elementor-element-59317dd e-con-full elementor-hidden-tablet elementor-hidden-mobile e-flex e-con e-parent\" data-id=\"59317dd\" data-element_type=\"container\" data-e-type=\"container\" id=\"pagemenu\" data-settings=\"{&quot;background_background&quot;:&quot;classic&quot;,&quot;sticky&quot;:&quot;top&quot;,&quot;sticky_offset&quot;:70,&quot;sticky_on&quot;:[&quot;desktop&quot;,&quot;tablet&quot;,&quot;mobile&quot;],&quot;sticky_effects_offset&quot;:0,&quot;sticky_anchor_link_offset&quot;:0}\">\n\t\t\t\t<div class=\"elementor-element elementor-element-d47d9a2 elementor-icon-list--layout-inline elementor-align-end elementor-list-item-link-full_width elementor-widget elementor-widget-icon-list\" data-id=\"d47d9a2\" data-element_type=\"widget\" data-e-type=\"widget\" data-widget_type=\"icon-list.default\">\n\t\t\t\t<div class=\"elementor-widget-container\">\n\t\t\t\t\t\t\t<ul class=\"elementor-icon-list-items elementor-inline-items\">\n\t\t\t\t\t\t\t<li class=\"elementor-icon-list-item elementor-inline-item\">\n\t\t\t\t\t\t\t\t\t\t\t<a href=\"https:\/\/stage.wearesi.se\/en\/vart-hallbarhetsarbete\">\n\n\t\t\t\t\t\t\t\t\t\t\t<span class=\"elementor-icon-list-text\">V\u00e5rt h\u00e5llbarhetsarbete<\/span>\n\t\t\t\t\t\t\t\t\t\t\t<\/a>\n\t\t\t\t\t\t\t\t\t<\/li>\n\t\t\t\t\t\t\t\t<li class=\"elementor-icon-list-item elementor-inline-item\">\n\t\t\t\t\t\t\t\t\t\t\t<a href=\"https:\/\/stage.wearesi.se\/en\/we-are-si\">\n\n\t\t\t\t\t\t\t\t\t\t\t<span class=\"elementor-icon-list-text\">We are SI<\/span>\n\t\t\t\t\t\t\t\t\t\t\t<\/a>\n\t\t\t\t\t\t\t\t\t<\/li>\n\t\t\t\t\t\t\t\t<li class=\"elementor-icon-list-item elementor-inline-item\">\n\t\t\t\t\t\t\t\t\t\t\t<a href=\"https:\/\/stage.wearesi.se\/en\/sustainable\">\n\n\t\t\t\t\t\t\t\t\t\t\t<span class=\"elementor-icon-list-text\">Sustainable<\/span>\n\t\t\t\t\t\t\t\t\t\t\t<\/a>\n\t\t\t\t\t\t\t\t\t<\/li>\n\t\t\t\t\t\t\t\t<li class=\"elementor-icon-list-item elementor-inline-item\">\n\t\t\t\t\t\t\t\t\t\t\t<a href=\"https:\/\/stage.wearesi.se\/en\/intelligence\">\n\n\t\t\t\t\t\t\t\t\t\t\t<span class=\"elementor-icon-list-text\">Intelligence<\/span>\n\t\t\t\t\t\t\t\t\t\t\t<\/a>\n\t\t\t\t\t\t\t\t\t<\/li>\n\t\t\t\t\t\t\t\t<li class=\"elementor-icon-list-item elementor-inline-item\">\n\t\t\t\t\t\t\t\t\t\t\t<a href=\"https:\/\/stage.wearesi.se\/wp-content\/uploads\/2025\/05\/SI_Hallbarhetsredovisning_2024.pdf\">\n\n\t\t\t\t\t\t\t\t\t\t\t<span class=\"elementor-icon-list-text\">H\u00e5llbarhetsredovisning 2025<\/span>\n\t\t\t\t\t\t\t\t\t\t\t<\/a>\n\t\t\t\t\t\t\t\t\t<\/li>\n\t\t\t\t\t\t<\/ul>\n\t\t\t\t\t\t<\/div>\n\t\t\t\t<\/div>\n\t\t\t\t<\/div>\n\t\t<div class=\"elementor-element elementor-element-76111a6 e-flex e-con-boxed e-con e-parent\" data-id=\"76111a6\" data-element_type=\"container\" data-e-type=\"container\" data-settings=\"{&quot;background_background&quot;:&quot;classic&quot;}\">\n\t\t\t\t\t<div class=\"e-con-inner\">\n\t\t<div class=\"elementor-element elementor-element-48daee9 e-con-full animated-slow e-flex elementor-invisible e-con e-child\" data-id=\"48daee9\" data-element_type=\"container\" data-e-type=\"container\" data-settings=\"{&quot;motion_fx_motion_fx_scrolling&quot;:&quot;yes&quot;,&quot;motion_fx_translateY_effect&quot;:&quot;yes&quot;,&quot;motion_fx_translateY_speed&quot;:{&quot;unit&quot;:&quot;px&quot;,&quot;size&quot;:0.5,&quot;sizes&quot;:[]},&quot;animation&quot;:&quot;fadeIn&quot;,&quot;motion_fx_translateY_affectedRange&quot;:{&quot;unit&quot;:&quot;%&quot;,&quot;size&quot;:&quot;&quot;,&quot;sizes&quot;:{&quot;start&quot;:0,&quot;end&quot;:100}},&quot;motion_fx_devices&quot;:[&quot;desktop&quot;,&quot;tablet&quot;,&quot;mobile&quot;]}\">\n\t\t\t\t<div class=\"elementor-element elementor-element-e964952 elementor-widget elementor-widget-heading\" data-id=\"e964952\" data-element_type=\"widget\" data-e-type=\"widget\" data-widget_type=\"heading.default\">\n\t\t\t\t<div class=\"elementor-widget-container\">\n\t\t\t\t\t<h2 class=\"elementor-heading-title elementor-size-default\">Energismarta l\u00f6sningar \u2013 F\u00f6r framtidens automation<\/h2>\t\t\t\t<\/div>\n\t\t\t\t<\/div>\n\t\t\t\t<div class=\"elementor-element elementor-element-689e2b6 elementor-widget__width-initial elementor-widget elementor-widget-text-editor\" data-id=\"689e2b6\" data-element_type=\"widget\" data-e-type=\"widget\" data-widget_type=\"text-editor.default\">\n\t\t\t\t<div class=\"elementor-widget-container\">\n\t\t\t\t\t\t\t\t\t<p>V\u00e5rt fokusomr\u00e5de Intelligence handlar om de former av leveranser vi erbjuder v\u00e5ra kunder. Med v\u00e5r l\u00e5nga erfarenhet levererar vi energismart automation i form av projekt, produkt (programvara) och tj\u00e4nst. Oavsett, s\u00e5 fokuserar vi alltid p\u00e5 l\u00e5ngsiktigt h\u00e5llbara l\u00f6sningar. V\u00e5r leverans \u00e4r mer \u00e4n bara fastighetsautomation \u2013 det \u00e4r h\u00e5llbar intelligens.<\/p>\t\t\t\t\t\t\t\t<\/div>\n\t\t\t\t<\/div>\n\t\t\t\t<\/div>\n\t\t\t\t\t<\/div>\n\t\t\t\t<\/div>\n\t\t<div class=\"elementor-element elementor-element-450b39f e-flex e-con-boxed e-con e-parent\" data-id=\"450b39f\" data-element_type=\"container\" data-e-type=\"container\" data-settings=\"{&quot;background_background&quot;:&quot;classic&quot;}\">\n\t\t\t\t\t<div class=\"e-con-inner\">\n\t\t<div class=\"elementor-element elementor-element-025a6ce e-con-full e-grid e-con e-child\" data-id=\"025a6ce\" data-element_type=\"container\" data-e-type=\"container\">\n\t\t\t\t<div class=\"elementor-element elementor-element-ea18f9f elementor-widget elementor-widget-image\" data-id=\"ea18f9f\" data-element_type=\"widget\" data-e-type=\"widget\" data-widget_type=\"image.default\">\n\t\t\t\t<div class=\"elementor-widget-container\">\n\t\t\t\t\t\t\t\t\t\t\t\t\t\t\t<img fetchpriority=\"high\" decoding=\"async\" width=\"500\" height=\"500\" src=\"https:\/\/stage.wearesi.se\/wp-content\/uploads\/2025\/02\/opt-int1-1.png\" class=\"attachment-large size-large wp-image-15237\" alt=\"\" srcset=\"https:\/\/stage.wearesi.se\/wp-content\/uploads\/2025\/02\/opt-int1-1.png 500w, https:\/\/stage.wearesi.se\/wp-content\/uploads\/2025\/02\/opt-int1-1-300x300.png 300w, https:\/\/stage.wearesi.se\/wp-content\/uploads\/2025\/02\/opt-int1-1-150x150.png 150w\" sizes=\"(max-width: 500px) 100vw, 500px\" \/>\t\t\t\t\t\t\t\t\t\t\t\t\t\t\t<\/div>\n\t\t\t\t<\/div>\n\t\t<div class=\"elementor-element elementor-element-a593a47 e-con-full e-grid e-con e-child\" data-id=\"a593a47\" data-element_type=\"container\" data-e-type=\"container\">\n\t\t\t\t<div class=\"elementor-element elementor-element-ed4ee85 elementor-widget elementor-widget-text-editor\" data-id=\"ed4ee85\" data-element_type=\"widget\" data-e-type=\"widget\" data-widget_type=\"text-editor.default\">\n\t\t\t\t<div class=\"elementor-widget-container\">\n\t\t\t\t\t\t\t\t\t<p><strong>Projekt<\/strong><br \/>Vi str\u00e4var efter att \u00f6ka leveranserna av smart automation, eftersom v\u00e5ra projekt bidrar till att minska CO2-utsl\u00e4ppen. Samtidigt vill vi m\u00e4ta andelen serviceprojekt, d\u00e5 dessa fr\u00e4mjar cirkularitet genom att minska behovet av<br \/>materialbyte. P\u00e5 s\u00e5 s\u00e4tt kombinerar vi aff\u00e4rstillv\u00e4xt med h\u00e5llbara initiativ.<\/p>\t\t\t\t\t\t\t\t<\/div>\n\t\t\t\t<\/div>\n\t\t<div class=\"elementor-element elementor-element-af86728 e-con-full e-flex e-con e-child\" data-id=\"af86728\" data-element_type=\"container\" data-e-type=\"container\">\n\t\t\t\t<div class=\"elementor-element elementor-element-f7c924d elementor-widget elementor-widget-text-editor\" data-id=\"f7c924d\" data-element_type=\"widget\" data-e-type=\"widget\" data-widget_type=\"text-editor.default\">\n\t\t\t\t<div class=\"elementor-widget-container\">\n\t\t\t\t\t\t\t\t\t<p><strong>Nyckeltal<\/strong><\/p><ul><li>Antal projekt.<\/li><li>Andel projekt.<\/li><li>Varav andel service.\u00a0<\/li><\/ul>\t\t\t\t\t\t\t\t<\/div>\n\t\t\t\t<\/div>\n\t\t\t\t<\/div>\n\t\t\t\t<\/div>\n\t\t\t\t<\/div>\n\t\t\t\t\t<\/div>\n\t\t\t\t<\/div>\n\t\t<div class=\"elementor-element elementor-element-32875b5 e-flex e-con-boxed e-con e-parent\" data-id=\"32875b5\" data-element_type=\"container\" data-e-type=\"container\">\n\t\t\t\t\t<div class=\"e-con-inner\">\n\t\t<div class=\"elementor-element elementor-element-74b545c e-con-full e-grid e-con e-child\" data-id=\"74b545c\" data-element_type=\"container\" data-e-type=\"container\">\n\t\t\t\t<div class=\"elementor-element elementor-element-2f3a3ad elementor-widget elementor-widget-image\" data-id=\"2f3a3ad\" data-element_type=\"widget\" data-e-type=\"widget\" data-widget_type=\"image.default\">\n\t\t\t\t<div class=\"elementor-widget-container\">\n\t\t\t\t\t\t\t\t\t\t\t\t\t\t\t<img decoding=\"async\" width=\"500\" height=\"500\" src=\"https:\/\/stage.wearesi.se\/wp-content\/uploads\/2025\/02\/opt-int2-1.png\" class=\"attachment-large size-large wp-image-15239\" alt=\"\" srcset=\"https:\/\/stage.wearesi.se\/wp-content\/uploads\/2025\/02\/opt-int2-1.png 500w, https:\/\/stage.wearesi.se\/wp-content\/uploads\/2025\/02\/opt-int2-1-300x300.png 300w, https:\/\/stage.wearesi.se\/wp-content\/uploads\/2025\/02\/opt-int2-1-150x150.png 150w\" sizes=\"(max-width: 500px) 100vw, 500px\" \/>\t\t\t\t\t\t\t\t\t\t\t\t\t\t\t<\/div>\n\t\t\t\t<\/div>\n\t\t<div class=\"elementor-element elementor-element-060254b e-con-full e-grid e-con e-child\" data-id=\"060254b\" data-element_type=\"container\" data-e-type=\"container\">\n\t\t\t\t<div class=\"elementor-element elementor-element-1edb8c6 elementor-widget elementor-widget-text-editor\" data-id=\"1edb8c6\" data-element_type=\"widget\" data-e-type=\"widget\" data-widget_type=\"text-editor.default\">\n\t\t\t\t<div class=\"elementor-widget-container\">\n\t\t\t\t\t\t\t\t\t<p><strong>Produkt (programvara)<\/strong><br \/>V\u00e5ra produkter \u00e4r utformade f\u00f6r att ge ett merv\u00e4rde till kunden. Genom att visualisera anl\u00e4ggningar p\u00e5 ett enkelt och \u00f6versk\u00e5dligt s\u00e4tt ger vi insikter om allt fr\u00e5n energistatistik till pumpdrift och planerade besiktningar. Vi strukturerar och kombinerar data f\u00f6r att generera smarta insikter som underl\u00e4ttar beslutsfattande och s\u00e4kerst\u00e4ller att r\u00e4tt \u00e5tg\u00e4rd vidtas vid r\u00e4tt tidpunkt.<\/p>\t\t\t\t\t\t\t\t<\/div>\n\t\t\t\t<\/div>\n\t\t<div class=\"elementor-element elementor-element-091afa2 e-con-full e-flex e-con e-child\" data-id=\"091afa2\" data-element_type=\"container\" data-e-type=\"container\">\n\t\t\t\t<div class=\"elementor-element elementor-element-b625514 elementor-widget elementor-widget-text-editor\" data-id=\"b625514\" data-element_type=\"widget\" data-e-type=\"widget\" data-widget_type=\"text-editor.default\">\n\t\t\t\t<div class=\"elementor-widget-container\">\n\t\t\t\t\t\t\t\t\t<p><strong>Nyckeltal<\/strong><\/p><ul><li>Andel av total oms\u00e4ttning.\u00a0<\/li><li>F\u00f6rs\u00e4ljning av produkter.<\/li><\/ul>\t\t\t\t\t\t\t\t<\/div>\n\t\t\t\t<\/div>\n\t\t\t\t<\/div>\n\t\t\t\t<\/div>\n\t\t\t\t<\/div>\n\t\t\t\t\t<\/div>\n\t\t\t\t<\/div>\n\t\t<div class=\"elementor-element elementor-element-da9ee7f e-flex e-con-boxed e-con e-parent\" data-id=\"da9ee7f\" data-element_type=\"container\" data-e-type=\"container\" data-settings=\"{&quot;background_background&quot;:&quot;classic&quot;}\">\n\t\t\t\t\t<div class=\"e-con-inner\">\n\t\t<div class=\"elementor-element elementor-element-e1010f7 e-con-full e-grid e-con e-child\" data-id=\"e1010f7\" data-element_type=\"container\" data-e-type=\"container\">\n\t\t\t\t<div class=\"elementor-element elementor-element-51e4f0d elementor-widget elementor-widget-image\" data-id=\"51e4f0d\" data-element_type=\"widget\" data-e-type=\"widget\" data-widget_type=\"image.default\">\n\t\t\t\t<div class=\"elementor-widget-container\">\n\t\t\t\t\t\t\t\t\t\t\t\t\t\t\t<img decoding=\"async\" width=\"500\" height=\"500\" src=\"https:\/\/stage.wearesi.se\/wp-content\/uploads\/2025\/02\/opt-sus3.png\" class=\"attachment-large size-large wp-image-15241\" alt=\"\" srcset=\"https:\/\/stage.wearesi.se\/wp-content\/uploads\/2025\/02\/opt-sus3.png 500w, https:\/\/stage.wearesi.se\/wp-content\/uploads\/2025\/02\/opt-sus3-300x300.png 300w, https:\/\/stage.wearesi.se\/wp-content\/uploads\/2025\/02\/opt-sus3-150x150.png 150w\" sizes=\"(max-width: 500px) 100vw, 500px\" \/>\t\t\t\t\t\t\t\t\t\t\t\t\t\t\t<\/div>\n\t\t\t\t<\/div>\n\t\t<div class=\"elementor-element elementor-element-0632836 e-con-full e-grid e-con e-child\" data-id=\"0632836\" data-element_type=\"container\" data-e-type=\"container\">\n\t\t\t\t<div class=\"elementor-element elementor-element-b3993dc elementor-widget elementor-widget-text-editor\" data-id=\"b3993dc\" data-element_type=\"widget\" data-e-type=\"widget\" data-widget_type=\"text-editor.default\">\n\t\t\t\t<div class=\"elementor-widget-container\">\n\t\t\t\t\t\t\t\t\t<p><strong>Tj\u00e4nster<\/strong><br \/>V\u00e5ra tj\u00e4nster delas upp i tv\u00e5 huvudkategorier: avtalsbaserade och konsulterande. De avtalsbaserade tj\u00e4nsterna inneb\u00e4r att vi anv\u00e4nder v\u00e5r programvara f\u00f6r att genomf\u00f6ra analyser som st\u00f6djer v\u00e5ra kunder f\u00f6r att n\u00e5 sina h\u00e5llbarhetsm\u00e5l. De konsulttj\u00e4nster vi erbjuder fokuserar fr\u00e4mst p\u00e5 att identifiera besparingspotential och ge rekommendationer f\u00f6r hur v\u00e5ra kunder kan optimera sina verksamheter.<\/p>\t\t\t\t\t\t\t\t<\/div>\n\t\t\t\t<\/div>\n\t\t<div class=\"elementor-element elementor-element-5b0415d e-con-full e-flex e-con e-child\" data-id=\"5b0415d\" data-element_type=\"container\" data-e-type=\"container\">\n\t\t\t\t<div class=\"elementor-element elementor-element-2b50598 elementor-widget elementor-widget-text-editor\" data-id=\"2b50598\" data-element_type=\"widget\" data-e-type=\"widget\" data-widget_type=\"text-editor.default\">\n\t\t\t\t<div class=\"elementor-widget-container\">\n\t\t\t\t\t\t\t\t\t<strong>Nyckeltal<\/strong>\n<ul>\n \t<li>Andel av total oms\u00e4ttning uppdelat p\u00e5 avtals- och konsulttj\u00e4nster.<\/li>\n \t<li>Andel identifierad besparingspotential f\u00f6r energikonsulttj\u00e4nster.<\/li>\n \t<li>F\u00f6rflyttning av energiklass i genomf\u00f6rda energideklarationer.<\/li>\n<\/ul>\t\t\t\t\t\t\t\t<\/div>\n\t\t\t\t<\/div>\n\t\t\t\t<\/div>\n\t\t\t\t<\/div>\n\t\t\t\t<\/div>\n\t\t\t\t\t<\/div>\n\t\t\t\t<\/div>\n\t\t<div class=\"elementor-element elementor-element-f002be0 e-flex e-con-boxed e-con e-parent\" data-id=\"f002be0\" data-element_type=\"container\" data-e-type=\"container\" data-settings=\"{&quot;background_background&quot;:&quot;classic&quot;}\">\n\t\t\t\t\t<div class=\"e-con-inner\">\n\t\t<div class=\"elementor-element elementor-element-cde178d e-con-full e-flex e-con e-child\" data-id=\"cde178d\" data-element_type=\"container\" data-e-type=\"container\" data-settings=\"{&quot;background_background&quot;:&quot;gradient&quot;}\">\n\t\t\t\t<div class=\"elementor-element elementor-element-600a6fc elementor-widget elementor-widget-heading\" data-id=\"600a6fc\" data-element_type=\"widget\" data-e-type=\"widget\" data-widget_type=\"heading.default\">\n\t\t\t\t<div class=\"elementor-widget-container\">\n\t\t\t\t\t<h2 class=\"elementor-heading-title elementor-size-default\">VI \u00c4R SI - TILLSAMMANS TAR VI ANSVAR<\/h2>\t\t\t\t<\/div>\n\t\t\t\t<\/div>\n\t\t\t\t<\/div>\n\t\t\t\t\t<\/div>\n\t\t\t\t<\/div>\n\t\t\t\t<\/div>\n\t\t","protected":false},"excerpt":{"rendered":"<p>H\u00e5llbarhetsarbete Intelligence F\u00f6r framtidens automation V\u00e5rt h\u00e5llbarhetsarbete We are SI Sustainable Intelligence H\u00e5llbarhetsredovisning 2025 Energismarta l\u00f6sningar \u2013 F\u00f6r framtidens automation V\u00e5rt fokusomr\u00e5de Intelligence handlar om de former av leveranser vi erbjuder v\u00e5ra kunder. Med v\u00e5r l\u00e5nga erfarenhet levererar vi energismart automation i form av projekt, produkt (programvara) och tj\u00e4nst. Oavsett, s\u00e5 fokuserar vi alltid p\u00e5 [&hellip;]<\/p>\n","protected":false},"author":9,"featured_media":0,"parent":0,"menu_order":0,"comment_status":"closed","ping_status":"closed","template":"","meta":{"_acf_changed":false,"footnotes":""},"class_list":["post-15098","page","type-page","status-publish","hentry"],"acf":[],"_links":{"self":[{"href":"https:\/\/stage.wearesi.se\/en\/wp-json\/wp\/v2\/pages\/15098","targetHints":{"allow":["GET"]}}],"collection":[{"href":"https:\/\/stage.wearesi.se\/en\/wp-json\/wp\/v2\/pages"}],"about":[{"href":"https:\/\/stage.wearesi.se\/en\/wp-json\/wp\/v2\/types\/page"}],"author":[{"embeddable":true,"href":"https:\/\/stage.wearesi.se\/en\/wp-json\/wp\/v2\/users\/9"}],"replies":[{"embeddable":true,"href":"https:\/\/stage.wearesi.se\/en\/wp-json\/wp\/v2\/comments?post=15098"}],"version-history":[{"count":65,"href":"https:\/\/stage.wearesi.se\/en\/wp-json\/wp\/v2\/pages\/15098\/revisions"}],"predecessor-version":[{"id":23537,"href":"https:\/\/stage.wearesi.se\/en\/wp-json\/wp\/v2\/pages\/15098\/revisions\/23537"}],"wp:attachment":[{"href":"https:\/\/stage.wearesi.se\/en\/wp-json\/wp\/v2\/media?parent=15098"}],"curies":[{"name":"wp","href":"https:\/\/api.w.org\/{rel}","templated":true}]}}